{"id":632,"date":"2025-02-05T14:51:21","date_gmt":"2025-02-05T14:51:21","guid":{"rendered":"https:\/\/kemaro.ee\/use-cases\/"},"modified":"2025-03-21T13:26:39","modified_gmt":"2025-03-21T13:26:39","slug":"lietosanas-gadijumi","status":"publish","type":"page","link":"https:\/\/kemaro.ee\/lv\/lietosanas-gadijumi\/","title":{"rendered":"Lieto\u0161anas gad\u012bjumi"},"content":{"rendered":"  <div class=\"block__transparent\">\n  <section  class=\"block__wrapper block__padded info max--width block__transparent \" style=\"--p-top-desktop: 0rem; --p-bottom-desktop: 8rem; --p-top-mobile: 0rem; --p-bottom-mobile: 4rem\">\n    <div class=\"info__wrapper info__wrapper--no-image\">\n      \n              <div class=\"info__content\">\n                      <h2>K900 &#8211; Daudzfunkcion\u0101ls<\/h2>\n          \n                      <p class=\"info__description\">Pareizais risin\u0101jums katram pielietojumam<\/p>\n          \n          \n        <\/div>\n          <\/div>\n  <\/section>\n\n  <\/div>\n\n\n  <div class=\"block__light-gray\">\n  <section  class=\"block__wrapper block__padded column-content max--width block__light-gray \" style=\"--p-top-desktop: 4rem; --p-bottom-desktop: 4rem; --p-top-mobile: 4rem; --p-bottom-mobile: 4rem\">\n    <div class=\"column-content__wrapper  \">\n      <div class=\"column-content__first\">\n                  <h2>Noliktavas<\/h2>\n<p>K900 ir paredz\u0113ts, lai t\u012br\u012btu lielas plat\u012bbas \u012bs\u0101 laik\u0101. Atbilsto\u0161i tam tas ir optimiz\u0113ts izmanto\u0161anai noliktav\u0101s. Ar savu zemo augstumu t\u012br\u012b\u0161anas robots ar\u012b t\u012bra zem noliktavas plauktiem, viet\u0101s, kur manu\u0101l\u0101 t\u012br\u012b\u0161ana cit\u0101di b\u016btu gr\u016bta.<\/p>\n\n          \n              <\/div>\n\n      <div class=\"column-content__second\">\n                  <img decoding=\"async\" width=\"1024\" height=\"384\" src=\"https:\/\/kemaro.ee\/wp-content\/uploads\/2025\/02\/Hawle_klein-2.jpg\" class=\"attachment-large size-large\" alt=\"\" \/>              <\/div>\n\n    <\/div>\n  <\/section>\n\n<\/div>\n\n\n\n  <div class=\"block__transparent\">\n  <section  class=\"block__wrapper block__padded column-content max--width block__transparent \" style=\"--p-top-desktop: 4rem; --p-bottom-desktop: 4rem; --p-top-mobile: 4rem; --p-bottom-mobile: 4rem\">\n    <div class=\"column-content__wrapper  column-content__wrapper--reversed\">\n      <div class=\"column-content__first\">\n                  <h2>Ra\u017eo\u0161ana<\/h2>\n<p>Vai tas b\u016btu apr\u012bkojums, materi\u0101li vai iepakojums, tie visi rada iev\u0113rojamu net\u012brumu daudzumu, kas p\u0113c tam tiek uzkr\u0101ts uz produktiem vai iek\u0101rt\u0101m. Ar savu 35 litru tvertnes ietilp\u012bbu un piecu stundu akumulatora darb\u012bbas laiku, K900 ir ide\u0101ls t\u012br\u012b\u0161anas risin\u0101jums ra\u017eo\u0161anas darb\u012bb\u0101m.<\/p>\n\n          \n              <\/div>\n\n      <div class=\"column-content__second\">\n                  <img decoding=\"async\" width=\"1024\" height=\"683\" src=\"https:\/\/kemaro.ee\/wp-content\/uploads\/2025\/02\/20201119-Kemaro-43.jpg\" class=\"attachment-large size-large\" alt=\"\" \/>              <\/div>\n\n    <\/div>\n  <\/section>\n\n<\/div>\n\n\n\n  <div class=\"block__light-gray\">\n  <section  class=\"block__wrapper block__padded column-content max--width block__light-gray \" style=\"--p-top-desktop: 4rem; --p-bottom-desktop: 4rem; --p-top-mobile: 4rem; --p-bottom-mobile: 4rem\">\n    <div class=\"column-content__wrapper  \">\n      <div class=\"column-content__first\">\n                  <h2>Speci\u0101li pielietojumi<\/h2>\n<p>Ir daudz un da\u017e\u0101di speci\u0101li pielietojumi K900, katru dienu tiek pievienoti jauni pielietojumi. Piem\u0113ri, tostarp pude\u013cu pild\u012b\u0161anas r\u016bpn\u012bcas un dzelzce\u013ca depotes, pier\u0101da, ka K900 var darboties ar\u012b \u013coti net\u012br\u0101s un mitr\u0101s vid\u0113s.<\/p>\n\n          \n              <\/div>\n\n      <div class=\"column-content__second\">\n                  <img decoding=\"async\" width=\"1024\" height=\"384\" src=\"https:\/\/kemaro.ee\/wp-content\/uploads\/2025\/02\/Flaschenabfullung_klein.jpg\" class=\"attachment-large size-large\" alt=\"\" \/>              <\/div>\n\n    <\/div>\n  <\/section>\n\n<\/div>\n\n\n\n  <div class=\"block__transparent\">\n  <section  class=\"block__wrapper block__padded column-content max--width block__transparent \" style=\"--p-top-desktop: 4rem; --p-bottom-desktop: 16rem; --p-top-mobile: 4rem; --p-bottom-mobile: 8rem\">\n    <div class=\"column-content__wrapper  column-content__wrapper--reversed\">\n      <div class=\"column-content__first\">\n                  <h2>B\u012bstamas zonas<\/h2>\n<p>Pagaidu uzglab\u0101\u0161anas iek\u0101rtas radioakt\u012bvajiem atkritumiem, augsta dro\u0161\u012bbas l\u012bme\u0146a sp\u0101rni vai zonas ar stipr\u0101m temperat\u016bras sv\u0101rst\u012bb\u0101m. K900 var darboties viet\u0101s, kas potenci\u0101li ir b\u012bstamas cilv\u0113kiem. Aparat\u016bra un programmat\u016bra ir izstr\u0101d\u0101ta un b\u016bv\u0113ta, lai iztur\u0113tu daudzas briesmas.<\/p>\n\n          \n              <\/div>\n\n      <div class=\"column-content__second\">\n                  <img decoding=\"async\" width=\"1024\" height=\"680\" src=\"https:\/\/kemaro.ee\/wp-content\/uploads\/2025\/02\/High-securty-track._klein-scaled-1.jpg\" class=\"attachment-large size-large\" alt=\"\" \/>              <\/div>\n\n    <\/div>\n  <\/section>\n\n<\/div>\n","protected":false},"excerpt":{"rendered":"","protected":false},"author":1,"featured_media":0,"parent":0,"menu_order":0,"comment_status":"closed","ping_status":"closed","template":"","meta":{"_acf_changed":false,"footnotes":""},"class_list":["post-632","page","type-page","status-publish","hentry"],"acf":[],"yoast_head":"<!-- This site is optimized with the Yoast SEO plugin v24.6 - https:\/\/yoast.com\/wordpress\/plugins\/seo\/ -->\n<title>Lieto\u0161anas gad\u012bjumi - Kemaro puhastusrobotid<\/title>\n<meta name=\"robots\" content=\"index, follow, max-snippet:-1, max-image-preview:large, max-video-preview:-1\" \/>\n<link rel=\"canonical\" href=\"https:\/\/kemaro.ee\/lv\/lietosanas-gadijumi\/\" \/>\n<meta property=\"og:locale\" content=\"lv_LV\" \/>\n<meta property=\"og:type\" content=\"article\" \/>\n<meta property=\"og:title\" content=\"Lieto\u0161anas gad\u012bjumi - Kemaro puhastusrobotid\" \/>\n<meta property=\"og:url\" content=\"https:\/\/kemaro.ee\/lv\/lietosanas-gadijumi\/\" \/>\n<meta property=\"og:site_name\" content=\"Kemaro puhastusrobotid\" \/>\n<meta property=\"article:modified_time\" content=\"2025-03-21T13:26:39+00:00\" \/>\n<meta name=\"twitter:card\" content=\"summary_large_image\" \/>\n<meta name=\"twitter:label1\" content=\"Est. reading time\" \/>\n\t<meta name=\"twitter:data1\" content=\"2 minutes\" \/>\n<script type=\"application\/ld+json\" class=\"yoast-schema-graph\">{\"@context\":\"https:\/\/schema.org\",\"@graph\":[{\"@type\":\"WebPage\",\"@id\":\"https:\/\/kemaro.ee\/lv\/lietosanas-gadijumi\/\",\"url\":\"https:\/\/kemaro.ee\/lv\/lietosanas-gadijumi\/\",\"name\":\"Lieto\u0161anas gad\u012bjumi - Kemaro puhastusrobotid\",\"isPartOf\":{\"@id\":\"https:\/\/kemaro.ee\/lv\/#website\"},\"datePublished\":\"2025-02-05T14:51:21+00:00\",\"dateModified\":\"2025-03-21T13:26:39+00:00\",\"breadcrumb\":{\"@id\":\"https:\/\/kemaro.ee\/lv\/lietosanas-gadijumi\/#breadcrumb\"},\"inLanguage\":\"lv-LV\",\"potentialAction\":[{\"@type\":\"ReadAction\",\"target\":[\"https:\/\/kemaro.ee\/lv\/lietosanas-gadijumi\/\"]}]},{\"@type\":\"BreadcrumbList\",\"@id\":\"https:\/\/kemaro.ee\/lv\/lietosanas-gadijumi\/#breadcrumb\",\"itemListElement\":[{\"@type\":\"ListItem\",\"position\":1,\"name\":\"S\u0101kumlapa\",\"item\":\"https:\/\/kemaro.ee\/lv\/\"},{\"@type\":\"ListItem\",\"position\":2,\"name\":\"Lieto\u0161anas gad\u012bjumi\"}]},{\"@type\":\"WebSite\",\"@id\":\"https:\/\/kemaro.ee\/lv\/#website\",\"url\":\"https:\/\/kemaro.ee\/lv\/\",\"name\":\"Kemaro puhastusrobotid\",\"description\":\"Kemaro puhastusrobotid pakuvad innovaatilisi lahendusi mitmesuguste vajaduste jaoks\",\"alternateName\":\"Autonoomne koristusrobot t\u00f6\u00f6stusele\",\"potentialAction\":[{\"@type\":\"SearchAction\",\"target\":{\"@type\":\"EntryPoint\",\"urlTemplate\":\"https:\/\/kemaro.ee\/lv\/?s={search_term_string}\"},\"query-input\":{\"@type\":\"PropertyValueSpecification\",\"valueRequired\":true,\"valueName\":\"search_term_string\"}}],\"inLanguage\":\"lv-LV\"}]}<\/script>\n<!-- \/ Yoast SEO plugin. -->","yoast_head_json":{"title":"Lieto\u0161anas gad\u012bjumi - Kemaro puhastusrobotid","robots":{"index":"index","follow":"follow","max-snippet":"max-snippet:-1","max-image-preview":"max-image-preview:large","max-video-preview":"max-video-preview:-1"},"canonical":"https:\/\/kemaro.ee\/lv\/lietosanas-gadijumi\/","og_locale":"lv_LV","og_type":"article","og_title":"Lieto\u0161anas gad\u012bjumi - Kemaro puhastusrobotid","og_url":"https:\/\/kemaro.ee\/lv\/lietosanas-gadijumi\/","og_site_name":"Kemaro puhastusrobotid","article_modified_time":"2025-03-21T13:26:39+00:00","twitter_card":"summary_large_image","twitter_misc":{"Est. reading time":"2 minutes"},"schema":{"@context":"https:\/\/schema.org","@graph":[{"@type":"WebPage","@id":"https:\/\/kemaro.ee\/lv\/lietosanas-gadijumi\/","url":"https:\/\/kemaro.ee\/lv\/lietosanas-gadijumi\/","name":"Lieto\u0161anas gad\u012bjumi - Kemaro puhastusrobotid","isPartOf":{"@id":"https:\/\/kemaro.ee\/lv\/#website"},"datePublished":"2025-02-05T14:51:21+00:00","dateModified":"2025-03-21T13:26:39+00:00","breadcrumb":{"@id":"https:\/\/kemaro.ee\/lv\/lietosanas-gadijumi\/#breadcrumb"},"inLanguage":"lv-LV","potentialAction":[{"@type":"ReadAction","target":["https:\/\/kemaro.ee\/lv\/lietosanas-gadijumi\/"]}]},{"@type":"BreadcrumbList","@id":"https:\/\/kemaro.ee\/lv\/lietosanas-gadijumi\/#breadcrumb","itemListElement":[{"@type":"ListItem","position":1,"name":"S\u0101kumlapa","item":"https:\/\/kemaro.ee\/lv\/"},{"@type":"ListItem","position":2,"name":"Lieto\u0161anas gad\u012bjumi"}]},{"@type":"WebSite","@id":"https:\/\/kemaro.ee\/lv\/#website","url":"https:\/\/kemaro.ee\/lv\/","name":"Kemaro puhastusrobotid","description":"Kemaro puhastusrobotid pakuvad innovaatilisi lahendusi mitmesuguste vajaduste jaoks","alternateName":"Autonoomne koristusrobot t\u00f6\u00f6stusele","potentialAction":[{"@type":"SearchAction","target":{"@type":"EntryPoint","urlTemplate":"https:\/\/kemaro.ee\/lv\/?s={search_term_string}"},"query-input":{"@type":"PropertyValueSpecification","valueRequired":true,"valueName":"search_term_string"}}],"inLanguage":"lv-LV"}]}},"_links":{"self":[{"href":"https:\/\/kemaro.ee\/lv\/wp-json\/wp\/v2\/pages\/632","targetHints":{"allow":["GET"]}}],"collection":[{"href":"https:\/\/kemaro.ee\/lv\/wp-json\/wp\/v2\/pages"}],"about":[{"href":"https:\/\/kemaro.ee\/lv\/wp-json\/wp\/v2\/types\/page"}],"author":[{"embeddable":true,"href":"https:\/\/kemaro.ee\/lv\/wp-json\/wp\/v2\/users\/1"}],"replies":[{"embeddable":true,"href":"https:\/\/kemaro.ee\/lv\/wp-json\/wp\/v2\/comments?post=632"}],"version-history":[{"count":1,"href":"https:\/\/kemaro.ee\/lv\/wp-json\/wp\/v2\/pages\/632\/revisions"}],"predecessor-version":[{"id":634,"href":"https:\/\/kemaro.ee\/lv\/wp-json\/wp\/v2\/pages\/632\/revisions\/634"}],"wp:attachment":[{"href":"https:\/\/kemaro.ee\/lv\/wp-json\/wp\/v2\/media?parent=632"}],"curies":[{"name":"wp","href":"https:\/\/api.w.org\/{rel}","templated":true}]}}