{"id":621,"date":"2025-02-04T09:39:05","date_gmt":"2025-02-04T09:39:05","guid":{"rendered":"https:\/\/kemaro.ee\/privacy-policy\/"},"modified":"2025-03-21T13:21:43","modified_gmt":"2025-03-21T13:21:43","slug":"privatuma-politika","status":"publish","type":"page","link":"https:\/\/kemaro.ee\/lv\/privatuma-politika\/","title":{"rendered":"Priv\u0101tuma politika"},"content":{"rendered":"\n<p>J\u016bsu personas datu v\u0101k\u0161an\u0101 un apstr\u0101d\u0113 m\u0113s piem\u0113rojam dro\u0161\u012bbas un p\u0101rredzam\u012bbas principus. M\u0113s esam izstr\u0101d\u0101ju\u0161i \u0161o Priv\u0101tuma politiku, lai izskaidrotu, k\u0101du inform\u0101ciju m\u0113s v\u0101cam par Lietot\u0101jiem un k\u0101diem nol\u016bkiem to izmantojam. M\u0113s pieliekam visas p\u016bles, lai nodro\u0161in\u0101tu, ka m\u016bsu uzskati ir viegli saprotami un saprotami.<\/p>\n\n\n\n<h2 class=\"wp-block-heading\">M\u0113s izmantojam \u0161\u0101das inform\u0101cijas v\u0101k\u0161anas metodes<\/h2>\n\n\n\n<p>Ja j\u016bs mums sniedzat savu inform\u0101ciju vai at\u013caujat mums to v\u0101kt, izmantojot kemaro.ee t\u012bmek\u013ca vietni, jums k\u0101 Lietot\u0101jam tiks l\u016bgta at\u013cauja izmantot inform\u0101ciju par jums. Inform\u0101cija, ko m\u0113s apkopojam par jums, ietver:<\/p>\n\n\n\n<ul class=\"wp-block-list\">\n<li>V\u0101rds;<\/li>\n\n\n\n<li>J\u016bsu v\u0101rds;<\/li>\n\n\n\n<li>J\u016bsu v\u0101rds, uzv\u0101rds, v\u0101rds, uzv\u0101rds un e-pasta adrese,<\/li>\n\n\n\n<li>e-pasta adrese;<\/li>\n\n\n\n<li>uz\u0146\u0113muma nosaukums.<\/li>\n<\/ul>\n\n\n\n<p>Izmantojot pakalpojumu, t\u012bmek\u013ca vietne apkopo ar\u012b tehnisku inform\u0101ciju, izmantojot s\u012bkfailus.<\/p>\n\n\n\n<h2 class=\"wp-block-heading\">S\u012bkdatnes<\/h2>\n\n\n\n<p>M\u0113s apkopojam un saglab\u0101jam lietot\u0101ja s\u012bkdatnes, lai atvieglotu t\u012bmek\u013ca vietnes lieto\u0161anu. S\u012bkdatne ir neliela teksta datne, ko t\u012bmek\u013ca vietnes, kuras lietot\u0101js apmekl\u0113, nos\u016bta un saglab\u0101 Lietot\u0101ja dator\u0101. S\u012bkdatne tiek saglab\u0101ta Lietot\u0101ja p\u0101rl\u016bkprogrammas failu direktorij\u0101. Ja Lietot\u0101js jau ir apmekl\u0113jis k\u0101du t\u012bmek\u013ca vietni, p\u0101rl\u016bkprogramma nolasa s\u012bkdatni un nos\u016bta attiec\u012bgo inform\u0101ciju elementam, kas s\u0101kotn\u0113ji saglab\u0101jis s\u012bkdatni. S\u012bkdat\u0146u dz\u0113\u0161ana ir atkar\u012bga no p\u0101rl\u016bkprogrammas un tiek veikta p\u0101rl\u016bkprogrammas iestat\u012bjumos. Pla\u0161\u0101ku inform\u0101ciju par s\u012bkfailu piem\u0113ro\u0161anu skat\u012bt vietn\u0113 www.aboutcookies.org.<\/p>\n\n\n\n<h2 class=\"wp-block-heading\">K\u0101diem m\u0113r\u0137iem m\u0113s izmantojam s\u012bkfailus<\/h2>\n\n\n\n<p>Google Analytics &#8211; lietot\u0101ja dati tiek saglab\u0101ti, lai apkopotu lieto\u0161anas statistiku. Turkl\u0101t Google Analytics datu kop\u0101 tiek saglab\u0101ta lietot\u0101ja IP adrese. Statistika \u013cauj mums ieg\u016bt p\u0101rskatu par Lietot\u0101ja uzved\u012bbu, identific\u0113t t\u012bmek\u013ca vietnes tr\u016bkumus un ilgtermi\u0146\u0101 padar\u012bt to personaliz\u0113t\u0101ku un lietot\u0101jam draudz\u012bg\u0101ku.<\/p>\n\n\n\n<h2 class=\"wp-block-heading\">Ko m\u0113s dar\u0101m ar sav\u0101kto inform\u0101ciju<\/h2>\n\n\n\n<p>M\u0113s izmantojam sav\u0101kto inform\u0101ciju, lai sniegtu pakalpojumu. Attiec\u012bgi m\u0113s nev\u0101cam inform\u0101ciju par Lietot\u0101jiem, kas nav nepiecie\u0161ama pakalpojuma snieg\u0161anai. Inform\u0101cija, kas attiecas uz Lietot\u0101ju, b\u016bs pieejama p\u0113c vajadz\u012bbas:<\/p>\n\n\n\n<ul class=\"wp-block-list\">\n<li>Lietot\u0101jam<\/li>\n\n\n\n<li>T\u012bmek\u013ca vietni administr\u0113jo\u0161ajai iest\u0101dei<\/li>\n\n\n\n<li>Klientu p\u0101rvaldniekam<\/li>\n<\/ul>\n\n\n\n<p>Visiem saist\u012btajiem partneriem ir l\u012bdz\u012bgi principi k\u0101 mums, un tie glab\u0101 un izmanto Lietot\u0101ja personisko inform\u0101ciju, pamatojoties uz tiem pa\u0161iem pamatprincipiem. Lai aizsarg\u0101tu Lietot\u0101ja intereses, personas datu apstr\u0101de starp da\u017e\u0101d\u0101m pus\u0113m notiek tikai uz l\u012bguma pamata.<\/p>\n\n\n\n<p>M\u0113s izmantojam Klienta datus, lai atvieglotu sazi\u0146u starp pus\u0113m.<\/p>\n\n\n\n<p>V\u0101cot statistikas datus, m\u0113s \u0146emam v\u0113r\u0101 Lietot\u0101ja intereses, lai nodro\u0161in\u0101tu lietot\u0101jam \u0113rt\u0101ku pakalpojumu un netrauc\u0113tu t\u012bmek\u013ca vietnes darb\u012bbu. Statistiskie dati \u013cauj mums analiz\u0113t Lietot\u0101ju uzved\u012bbas mode\u013cus, izmantojot t\u012bmek\u013ca pakalpojumu, \u013caujot mums redz\u0113t, kuras satura lapas tiek visbie\u017e\u0101k izmantotas un kur Lietot\u0101ji saskaras ar tr\u016bkumiem.<\/p>\n\n\n\n<h2 class=\"wp-block-heading\">K\u0101 un kad m\u0113s kop\u012bgojam datus<\/h2>\n\n\n\n<p>Inform\u0101cija, kas attiecas uz Lietot\u0101ju, ir pieejama tikai Lietot\u0101jam, t\u012bmek\u013ca vietni administr\u0113jo\u0161ajai iest\u0101dei, klientu administratoram.<\/p>\n\n\n\n<p>Pesumati Trade O\u00dc dal\u012bsies ar Lietot\u0101ja datiem ar ofici\u0101l\u0101m iest\u0101d\u0113m, ja b\u016bs pamatots iemesls uzskat\u012bt, ka Lietot\u0101ja r\u012bc\u012bba ir \u013caunpr\u0101t\u012bgi v\u0113rsta uz kait\u0113jumu Uz\u0146\u0113mumam vai citiem Lietot\u0101jiem.<\/p>\n\n\n\n<p>Citos gad\u012bjumos m\u0113s nodosim personas datus tre\u0161aj\u0101m person\u0101m tikai tad, ja mums b\u016bs personas, kuras dati tiek nodoti, piekri\u0161ana.<\/p>\n\n\n\n<h2 class=\"wp-block-heading\">Cik ilgi m\u0113s glab\u0101jam Lietot\u0101ja inform\u0101ciju<\/h2>\n\n\n\n<p>Dati tiks akt\u012bvi izmantoti Klienta interes\u0113s un tik ilgi, cik nepiecie\u0161ams, lai izpild\u012btu m\u0113r\u0137i, kuram pakalpojums tiek sniegts. Nav noteikts laika ierobe\u017eojums, cik ilgi dati var tikt glab\u0101ti klienta interes\u0113s. Datu dz\u0113\u0161ana notiek klienta rakstiska piepras\u012bjuma veid\u0101, kas nos\u016bt\u012bts uz <a href=\"mailto:info@kemaro.ee\" target=\"_blank\" rel=\"noreferrer noopener\">info@kemaro.ee<\/a> Datu dz\u0113\u0161anas proced\u016bras tiek piem\u0113rotas vis\u0101s saist\u012btaj\u0101s sist\u0113m\u0101s, tostarp m\u016bsu un m\u016bsu partneru rezerves kopij\u0101s.<\/p>\n\n\n\n<h2 class=\"wp-block-heading\">J\u016bsu k\u0101 lietot\u0101ja ties\u012bbas attiec\u012bb\u0101 uz j\u016bsu datu p\u0101rvald\u012bbu<\/h2>\n\n\n\n<p>Jums k\u0101 Klientam ir ties\u012bbas jebkur\u0101 laik\u0101 piek\u013c\u016bt saviem personas datiem, iesniedzot piepras\u012bjumu <a href=\"mailto:info@kemaro.ee\" target=\"_blank\" rel=\"noreferrer noopener\">info@kemaro.ee<\/a>. Piek\u013cuve personas datiem nav iesp\u0113jama, ja \u0161\u0101das ties\u012bbas ierobe\u017eo likums.<\/p>\n\n\n\n<p>Jums ir ties\u012bbas jebkur\u0101 laik\u0101 atsaukt savu piekri\u0161anu savu personas datu apstr\u0101dei, ja vien j\u016bsu personas datu apstr\u0101de nav at\u013cauta ar likumu bez j\u016bsu piekri\u0161anas. Piekri\u0161anas atsauk\u0161ana neietekm\u0113 datu apstr\u0101des likum\u012bbu, kas tika veikta, pamatojoties uz piekri\u0161anu pirms atsauk\u0161anas.<\/p>\n\n\n\n<p>Ja uzskat\u0101t, ka j\u016bsu personas dati netiek apstr\u0101d\u0101ti saska\u0146\u0101 ar l\u012bguma noteikumiem vai ties\u012bbu aktiem, jums ir ties\u012bbas piepras\u012bt Pesumati Trade O\u00dc, uz\u0146\u0113mumam, kas ieg\u0101d\u0101jas pakalpojumu, p\u0101rtraukt apstr\u0101d\u0101t j\u016bsu personas datus un piek\u013c\u016bt tiem, k\u0101 ar\u012b dz\u0113st sav\u0101ktos datus. Savu piepras\u012bjumu varat adres\u0113t pakalpojuma sniedz\u0113jam Pesumati Trade O\u00dc pa t\u0101lruni <a href=\"mailto:info@kemaro.ee\" target=\"_blank\" rel=\"noreferrer noopener\">info@kemaro.ee<\/a> vai v\u0113rsties Datu aizsardz\u012bbas inspekcij\u0101 (www.aki.ee).<\/p>\n\n\n\n<h2 class=\"wp-block-heading\">K\u0101 sazin\u0101ties ar mums<\/h2>\n\n\n\n<p>Ja jums ir k\u0101di jaut\u0101jumi par konfidencialit\u0101tes politiku, aicin\u0101m sazin\u0101ties ar mums pa e-pastu <a href=\"mailto:info@kemaro.ee\" target=\"_blank\" rel=\"noreferrer noopener\">info@kemaro.ee<\/a> vai pa t\u0101lruni <a href=\"tel:+372 5309 6037\" target=\"_blank\" rel=\"noreferrer noopener\">+372 5309 6037<\/a>.<\/p>\n","protected":false},"excerpt":{"rendered":"<p>J\u016bsu personas datu v\u0101k\u0161an\u0101 un apstr\u0101d\u0113 m\u0113s piem\u0113rojam dro\u0161\u012bbas un p\u0101rredzam\u012bbas principus. M\u0113s esam izstr\u0101d\u0101ju\u0161i \u0161o Priv\u0101tuma politiku, lai izskaidrotu, k\u0101du inform\u0101ciju m\u0113s v\u0101cam par Lietot\u0101jiem un k\u0101diem nol\u016bkiem to izmantojam. M\u0113s pieliekam visas p\u016bles, lai nodro\u0161in\u0101tu, ka m\u016bsu uzskati ir viegli saprotami un saprotami. M\u0113s izmantojam \u0161\u0101das inform\u0101cijas v\u0101k\u0161anas metodes Ja j\u016bs mums sniedzat [&hellip;]<\/p>\n","protected":false},"author":1,"featured_media":0,"parent":0,"menu_order":0,"comment_status":"closed","ping_status":"open","template":"","meta":{"_acf_changed":false,"footnotes":""},"class_list":["post-621","page","type-page","status-publish","hentry"],"acf":[],"yoast_head":"<!-- This site is optimized with the Yoast SEO plugin v24.6 - https:\/\/yoast.com\/wordpress\/plugins\/seo\/ -->\n<title>Priv\u0101tuma politika - Kemaro puhastusrobotid<\/title>\n<meta name=\"robots\" content=\"index, follow, max-snippet:-1, max-image-preview:large, max-video-preview:-1\" \/>\n<link rel=\"canonical\" href=\"https:\/\/kemaro.ee\/lv\/privatuma-politika\/\" \/>\n<meta property=\"og:locale\" content=\"lv_LV\" \/>\n<meta property=\"og:type\" content=\"article\" \/>\n<meta property=\"og:title\" content=\"Priv\u0101tuma politika - Kemaro puhastusrobotid\" \/>\n<meta property=\"og:description\" content=\"J\u016bsu personas datu v\u0101k\u0161an\u0101 un apstr\u0101d\u0113 m\u0113s piem\u0113rojam dro\u0161\u012bbas un p\u0101rredzam\u012bbas principus. M\u0113s esam izstr\u0101d\u0101ju\u0161i \u0161o Priv\u0101tuma politiku, lai izskaidrotu, k\u0101du inform\u0101ciju m\u0113s v\u0101cam par Lietot\u0101jiem un k\u0101diem nol\u016bkiem to izmantojam. M\u0113s pieliekam visas p\u016bles, lai nodro\u0161in\u0101tu, ka m\u016bsu uzskati ir viegli saprotami un saprotami. M\u0113s izmantojam \u0161\u0101das inform\u0101cijas v\u0101k\u0161anas metodes Ja j\u016bs mums sniedzat [&hellip;]\" \/>\n<meta property=\"og:url\" content=\"https:\/\/kemaro.ee\/lv\/privatuma-politika\/\" \/>\n<meta property=\"og:site_name\" content=\"Kemaro puhastusrobotid\" \/>\n<meta property=\"article:modified_time\" content=\"2025-03-21T13:21:43+00:00\" \/>\n<meta name=\"twitter:card\" content=\"summary_large_image\" \/>\n<meta name=\"twitter:label1\" content=\"Est. reading time\" \/>\n\t<meta name=\"twitter:data1\" content=\"4 minutes\" \/>\n<script type=\"application\/ld+json\" class=\"yoast-schema-graph\">{\"@context\":\"https:\/\/schema.org\",\"@graph\":[{\"@type\":\"WebPage\",\"@id\":\"https:\/\/kemaro.ee\/lv\/privatuma-politika\/\",\"url\":\"https:\/\/kemaro.ee\/lv\/privatuma-politika\/\",\"name\":\"Priv\u0101tuma politika - Kemaro puhastusrobotid\",\"isPartOf\":{\"@id\":\"https:\/\/kemaro.ee\/lv\/#website\"},\"datePublished\":\"2025-02-04T09:39:05+00:00\",\"dateModified\":\"2025-03-21T13:21:43+00:00\",\"breadcrumb\":{\"@id\":\"https:\/\/kemaro.ee\/lv\/privatuma-politika\/#breadcrumb\"},\"inLanguage\":\"lv-LV\",\"potentialAction\":[{\"@type\":\"ReadAction\",\"target\":[\"https:\/\/kemaro.ee\/lv\/privatuma-politika\/\"]}]},{\"@type\":\"BreadcrumbList\",\"@id\":\"https:\/\/kemaro.ee\/lv\/privatuma-politika\/#breadcrumb\",\"itemListElement\":[{\"@type\":\"ListItem\",\"position\":1,\"name\":\"S\u0101kumlapa\",\"item\":\"https:\/\/kemaro.ee\/lv\/\"},{\"@type\":\"ListItem\",\"position\":2,\"name\":\"Priv\u0101tuma politika\"}]},{\"@type\":\"WebSite\",\"@id\":\"https:\/\/kemaro.ee\/lv\/#website\",\"url\":\"https:\/\/kemaro.ee\/lv\/\",\"name\":\"Kemaro puhastusrobotid\",\"description\":\"Kemaro puhastusrobotid pakuvad innovaatilisi lahendusi mitmesuguste vajaduste jaoks\",\"alternateName\":\"Autonoomne koristusrobot t\u00f6\u00f6stusele\",\"potentialAction\":[{\"@type\":\"SearchAction\",\"target\":{\"@type\":\"EntryPoint\",\"urlTemplate\":\"https:\/\/kemaro.ee\/lv\/?s={search_term_string}\"},\"query-input\":{\"@type\":\"PropertyValueSpecification\",\"valueRequired\":true,\"valueName\":\"search_term_string\"}}],\"inLanguage\":\"lv-LV\"}]}<\/script>\n<!-- \/ Yoast SEO plugin. -->","yoast_head_json":{"title":"Priv\u0101tuma politika - Kemaro puhastusrobotid","robots":{"index":"index","follow":"follow","max-snippet":"max-snippet:-1","max-image-preview":"max-image-preview:large","max-video-preview":"max-video-preview:-1"},"canonical":"https:\/\/kemaro.ee\/lv\/privatuma-politika\/","og_locale":"lv_LV","og_type":"article","og_title":"Priv\u0101tuma politika - Kemaro puhastusrobotid","og_description":"J\u016bsu personas datu v\u0101k\u0161an\u0101 un apstr\u0101d\u0113 m\u0113s piem\u0113rojam dro\u0161\u012bbas un p\u0101rredzam\u012bbas principus. M\u0113s esam izstr\u0101d\u0101ju\u0161i \u0161o Priv\u0101tuma politiku, lai izskaidrotu, k\u0101du inform\u0101ciju m\u0113s v\u0101cam par Lietot\u0101jiem un k\u0101diem nol\u016bkiem to izmantojam. M\u0113s pieliekam visas p\u016bles, lai nodro\u0161in\u0101tu, ka m\u016bsu uzskati ir viegli saprotami un saprotami. M\u0113s izmantojam \u0161\u0101das inform\u0101cijas v\u0101k\u0161anas metodes Ja j\u016bs mums sniedzat [&hellip;]","og_url":"https:\/\/kemaro.ee\/lv\/privatuma-politika\/","og_site_name":"Kemaro puhastusrobotid","article_modified_time":"2025-03-21T13:21:43+00:00","twitter_card":"summary_large_image","twitter_misc":{"Est. reading time":"4 minutes"},"schema":{"@context":"https:\/\/schema.org","@graph":[{"@type":"WebPage","@id":"https:\/\/kemaro.ee\/lv\/privatuma-politika\/","url":"https:\/\/kemaro.ee\/lv\/privatuma-politika\/","name":"Priv\u0101tuma politika - Kemaro puhastusrobotid","isPartOf":{"@id":"https:\/\/kemaro.ee\/lv\/#website"},"datePublished":"2025-02-04T09:39:05+00:00","dateModified":"2025-03-21T13:21:43+00:00","breadcrumb":{"@id":"https:\/\/kemaro.ee\/lv\/privatuma-politika\/#breadcrumb"},"inLanguage":"lv-LV","potentialAction":[{"@type":"ReadAction","target":["https:\/\/kemaro.ee\/lv\/privatuma-politika\/"]}]},{"@type":"BreadcrumbList","@id":"https:\/\/kemaro.ee\/lv\/privatuma-politika\/#breadcrumb","itemListElement":[{"@type":"ListItem","position":1,"name":"S\u0101kumlapa","item":"https:\/\/kemaro.ee\/lv\/"},{"@type":"ListItem","position":2,"name":"Priv\u0101tuma politika"}]},{"@type":"WebSite","@id":"https:\/\/kemaro.ee\/lv\/#website","url":"https:\/\/kemaro.ee\/lv\/","name":"Kemaro puhastusrobotid","description":"Kemaro puhastusrobotid pakuvad innovaatilisi lahendusi mitmesuguste vajaduste jaoks","alternateName":"Autonoomne koristusrobot t\u00f6\u00f6stusele","potentialAction":[{"@type":"SearchAction","target":{"@type":"EntryPoint","urlTemplate":"https:\/\/kemaro.ee\/lv\/?s={search_term_string}"},"query-input":{"@type":"PropertyValueSpecification","valueRequired":true,"valueName":"search_term_string"}}],"inLanguage":"lv-LV"}]}},"_links":{"self":[{"href":"https:\/\/kemaro.ee\/lv\/wp-json\/wp\/v2\/pages\/621","targetHints":{"allow":["GET"]}}],"collection":[{"href":"https:\/\/kemaro.ee\/lv\/wp-json\/wp\/v2\/pages"}],"about":[{"href":"https:\/\/kemaro.ee\/lv\/wp-json\/wp\/v2\/types\/page"}],"author":[{"embeddable":true,"href":"https:\/\/kemaro.ee\/lv\/wp-json\/wp\/v2\/users\/1"}],"replies":[{"embeddable":true,"href":"https:\/\/kemaro.ee\/lv\/wp-json\/wp\/v2\/comments?post=621"}],"version-history":[{"count":2,"href":"https:\/\/kemaro.ee\/lv\/wp-json\/wp\/v2\/pages\/621\/revisions"}],"predecessor-version":[{"id":627,"href":"https:\/\/kemaro.ee\/lv\/wp-json\/wp\/v2\/pages\/621\/revisions\/627"}],"wp:attachment":[{"href":"https:\/\/kemaro.ee\/lv\/wp-json\/wp\/v2\/media?parent=621"}],"curies":[{"name":"wp","href":"https:\/\/api.w.org\/{rel}","templated":true}]}}