{"id":616,"date":"2025-02-04T10:19:51","date_gmt":"2025-02-04T08:19:51","guid":{"rendered":"https:\/\/kemaro.ee\/avaleht\/"},"modified":"2026-02-27T09:18:11","modified_gmt":"2026-02-27T09:18:11","slug":"avaleht","status":"publish","type":"page","link":"https:\/\/kemaro.ee\/lv\/","title":{"rendered":"S\u0101kumlapa"},"content":{"rendered":"  <section  class=\"block__wrapper slider max--width--full block__transparent \" >\n    <div class=\"slider__carousel splide  with-pagination\">\n      <div class=\"splide__track slider__track\">\n        <div class=\"splide__list slider__list\">\n          \n            <div class=\"splide__slide slider__slide\" data-splide-html-video=\"https:\/\/kemaro.ee\/wp-content\/uploads\/2025\/06\/Kemaro-LV-koduleht1.mp4\">\n              <img decoding=\"async\" width=\"2560\" height=\"1708\" src=\"https:\/\/kemaro.ee\/wp-content\/uploads\/2025\/02\/20201119-Kemaro-20retuschiert_AKTUELL-scaled-1.jpg\" class=\"slider__image\" alt=\"Kemaro K900 Gen II TOP \u2013 jaud\u012bgs r\u016bpnieciskais t\u012br\u012b\u0161anas robots darb\u012bb\u0101\" \/>\n                              <div class=\"slider__caption\">Kemaro K900 \u2013 jaud\u012bgs r\u016bpnieciskais t\u012br\u012b\u0161anas robots darb\u012bb\u0101.<\/div>\n                          <\/div>\n\n                  <\/div>\n      <\/div>\n\n      <div class=\"slider__scroll-arrow\" id=\"js-scroll-down\">\n        <i data-feather=\"chevron-down\"><\/i>\n      <\/div>\n\n      <div class=\"slider__overlay \">\n        \n              <\/div>\n\n              <ul class=\"slider__pagination splide__pagination\"><\/ul>\n      \n        <\/section>\n\n\n  <section  class=\"block__wrapper block__padded simple-content max--width block__transparent \" style=\"--p-top-desktop: 8rem; --p-bottom-desktop: 8rem; --p-top-mobile: 8rem; --p-bottom-mobile: 4rem\">\n    <div class=\"simple-content__wrapper\">\n      <h1 style=\"text-align: center;\">Pesumati Trade ir \u0160veices ra\u017eot\u0101ja Kemaro AG autonomo t\u012br\u012b\u0161anas robotu ofici\u0101lais izplat\u012bt\u0101js Igaunij\u0101<\/h1>\n<p>K\u0101 t\u012br\u012b\u0161anas nozares eksperti m\u0113s zin\u0101m, kas patie\u0161\u0101m str\u0101d\u0101, un Kemaro ir risin\u0101jums, kas uz visiem laikiem main\u012bs industri\u0101lo telpu t\u012br\u012b\u0161anu. Tas nav tikai t\u012br\u012b\u0161anas robots \u2013 tas ir ieguld\u012bjums efektivit\u0101t\u0113, kas atbr\u012bvo j\u016bsu darbiniekus v\u0113rt\u012bg\u0101kiem uzdevumiem. Revolucion\u0101ra t\u012br\u012bba. P\u0101rbaud\u012bti rezult\u0101ti. Pied\u0101v\u0101: Pesumati Trade.<\/p>\n    <\/div>\n  <\/section>\n\n\n\n<section  class=\"max--width\">\n  <div class=\"divider divider--gray\">\n    <hr>\n  <\/div>\n<\/section>\n\n  <div class=\"block__transparent\">\n  <section  class=\"block__wrapper block__padded info max--width block__transparent \" style=\"--p-top-desktop: 8rem; --p-bottom-desktop: 8rem; --p-top-mobile: 8rem; --p-bottom-mobile: 4rem\">\n    <div class=\"info__wrapper info__wrapper--no-image\">\n      \n              <div class=\"info__content\">\n                      <h2>Maz\u0101k d\u012bkst\u0101vju, liel\u0101ka ra\u017eo\u0161anas jauda \u2013 ar Kemaro r\u016bpniecisko t\u012br\u012b\u0161anas robotu<\/h2>\n          \n                      <p class=\"info__description\">Kemaro K900 ir autonomais t\u012br\u012b\u0161anas robots, kas pal\u012bdz sasniegt maksim\u0101lu t\u012br\u012bbu ar minim\u0101lu piep\u016bli. Neatkar\u012bgi no t\u0101, vai tas ir noliktav\u0101s, ra\u017eo\u0161anas l\u012bnij\u0101s vai b\u012bstam\u0101s zon\u0101s, K900 piel\u0101gojas katram izaicin\u0101jumam, nodro\u0161inot \u0101trus, izmaksu zi\u0146\u0101 efekt\u012bvus un efekt\u012bvus rezult\u0101tus, samazinot t\u012br\u012b\u0161anas izmaksas par vair\u0101k nek\u0101 50%. Kemaro K900 nav tikai t\u012br\u012b\u0161anas robots \u2013 tas ir strat\u0113\u0123isks ieguld\u012bjums t\u012br\u0101k\u0101 un dro\u0161\u0101k\u0101 darba vid\u0113.<\/p>\n          \n          \n        <\/div>\n          <\/div>\n  <\/section>\n\n  <\/div>\n\n\n<section  class=\"max--width--full\">\n  <div class=\"divider divider--gray\">\n    <hr>\n  <\/div>\n<\/section>\n\n  <section  class=\"block__wrapper block__padded simple-content max--width block__transparent \" style=\"--p-top-desktop: 8rem; --p-bottom-desktop: 4rem; --p-top-mobile: 4rem; --p-bottom-mobile: 0rem\">\n    <div class=\"simple-content__wrapper\">\n      <h2 style=\"text-align: center;\" data-start=\"0\" data-end=\"20\">Kur\u0161 r\u016bpnieciskais t\u012br\u012b\u0161anas robots ir jums piem\u0113rots?<\/h2>\n<div class=\"flex max-w-full flex-col flex-grow\">\n<div class=\"min-h-8 text-message relative flex w-full flex-col items-end gap-2 whitespace-normal break-words text-start [.text-message+&amp;]:mt-5\" dir=\"auto\" data-message-author-role=\"assistant\" data-message-id=\"d7d4a1f5-2a5d-4738-977f-b9e16f5b0666\" data-message-model-slug=\"gpt-4o-mini\">\n<div class=\"flex w-full flex-col gap-1 empty:hidden first:pt-[3px]\">\n<div class=\"markdown prose w-full break-words dark:prose-invert dark\">\n<p data-start=\"22\" data-end=\"303\" data-is-last-node=\"\" data-is-only-node=\"\">Kemaro t\u012br\u012b\u0161anas roboti pied\u0101v\u0101 inovat\u012bvus risin\u0101jumus da\u017e\u0101d\u0101m virsm\u0101m un vajadz\u012bb\u0101m. Neatkar\u012bgi no t\u012br\u012b\u0161anas zonas izm\u0113ra vai darba vides sare\u017e\u0123\u012bt\u012bbas, tie nodro\u0161ina maksim\u0101lu efektivit\u0101ti, lieto\u0161anas \u0113rtumu un izmaksu zi\u0146\u0101 efektivit\u0101ti. Atrodiet perfektu modeli sav\u0101m vajadz\u012bb\u0101m.<\/p>\n<\/div>\n<\/div>\n<\/div>\n<\/div>\n    <\/div>\n  <\/section>\n\n\n  <section class=\"block__wrapper block__padded services-feed max--width block__transparent \" style=\"--p-top-desktop: 0rem; --p-bottom-desktop: 8rem; --p-top-mobile: 0rem; --p-bottom-mobile: 4rem\">\n    <div class=\"services-feed__wrapper\">\n      \n      <div class=\"services-feed__content\">\n        \n<a class=\"card card__services-feed\" href=\"https:\/\/kemaro.ee\/lv\/robot\/kemaro-k900-gen-ii-top\/\" target=\"_self\">\n      <div class=\"card__services-feed__image\">\n              <img decoding=\"async\" width=\"2560\" height=\"1708\" src=\"https:\/\/kemaro.ee\/wp-content\/uploads\/2025\/02\/20201119-Kemaro-20retuschiert_AKTUELL-scaled-1.jpg\" class=\"attachment-full size-full\" alt=\"Kemaro K900 Gen II TOP \u2013 jaud\u012bgs r\u016bpnieciskais t\u012br\u012b\u0161anas robots darb\u012bb\u0101\" \/>          <\/div>\n  \n  <div class=\"card__services-feed__top\">\n    <div class=\"card__services-feed__title\">\n      <h2>K900 Gen II TOP<\/h2>\n    <\/div>\n\n    <div class=\"card__services-feed__description\"><\/div>\n  <\/div>\n\n  <div class=\"card__services-feed__bottom card__services-feed__bottom--single-button\">\n    \n    <span class=\"button button--secondary\">Vair\u0101k info<\/span>\n  <\/div>\n<\/a>\n<a class=\"card card__services-feed\" href=\"https:\/\/kemaro.ee\/lv\/robot\/k900-gen-ii-smart\/\" target=\"_self\">\n      <div class=\"card__services-feed__image\">\n              <img decoding=\"async\" width=\"800\" height=\"533\" src=\"https:\/\/kemaro.ee\/wp-content\/uploads\/2025\/02\/20201119-Kemaro-27_klein.jpg\" class=\"attachment-full size-full\" alt=\"\" \/>          <\/div>\n  \n  <div class=\"card__services-feed__top\">\n    <div class=\"card__services-feed__title\">\n      <h2>K900\u00a0Gen II Smart<\/h2>\n    <\/div>\n\n    <div class=\"card__services-feed__description\"><\/div>\n  <\/div>\n\n  <div class=\"card__services-feed__bottom card__services-feed__bottom--single-button\">\n    \n    <span class=\"button button--secondary\">Vair\u0101k info<\/span>\n  <\/div>\n<\/a>\n<a class=\"card card__services-feed\" href=\"https:\/\/kemaro.ee\/lv\/robot\/k900-gen-ii-eco\/\" target=\"_self\">\n      <div class=\"card__services-feed__image\">\n              <img decoding=\"async\" width=\"2500\" height=\"1667\" src=\"https:\/\/kemaro.ee\/wp-content\/uploads\/2025\/02\/20201119-Kemaro-46_klein.jpg\" class=\"attachment-full size-full\" alt=\"\" \/>          <\/div>\n  \n  <div class=\"card__services-feed__top\">\n    <div class=\"card__services-feed__title\">\n      <h2>K900\u00a0Gen II ECO<\/h2>\n    <\/div>\n\n    <div class=\"card__services-feed__description\"><\/div>\n  <\/div>\n\n  <div class=\"card__services-feed__bottom card__services-feed__bottom--single-button\">\n    \n    <span class=\"button button--secondary\">Vair\u0101k info<\/span>\n  <\/div>\n<\/a>\n<a class=\"card card__services-feed\" href=\"https:\/\/kemaro.ee\/lv\/robot\/k900-wet-environment\/\" target=\"_self\">\n      <div class=\"card__services-feed__image\">\n              <img decoding=\"async\" width=\"2500\" height=\"1667\" src=\"https:\/\/kemaro.ee\/wp-content\/uploads\/2025\/02\/20201119-Kemaro-46_klein.jpg\" class=\"attachment-full size-full\" alt=\"\" \/>          <\/div>\n  \n  <div class=\"card__services-feed__top\">\n    <div class=\"card__services-feed__title\">\n      <h2>K900 Wet Environment<\/h2>\n    <\/div>\n\n    <div class=\"card__services-feed__description\"><\/div>\n  <\/div>\n\n  <div class=\"card__services-feed__bottom card__services-feed__bottom--single-button\">\n    \n    <span class=\"button button--secondary\">Vair\u0101k info<\/span>\n  <\/div>\n<\/a>\n<a class=\"card card__services-feed\" href=\"https:\/\/kemaro.ee\/lv\/robot\/k700-compact\/\" target=\"_self\">\n      <div class=\"card__services-feed__image\">\n              <img decoding=\"async\" width=\"2000\" height=\"1414\" src=\"https:\/\/kemaro.ee\/wp-content\/uploads\/2025\/05\/Kemaro-kodulehele-8.jpg\" class=\"attachment-full size-full\" alt=\"\" \/>          <\/div>\n  \n  <div class=\"card__services-feed__top\">\n    <div class=\"card__services-feed__title\">\n      <h2>K700 Compact<\/h2>\n    <\/div>\n\n    <div class=\"card__services-feed__description\"><\/div>\n  <\/div>\n\n  <div class=\"card__services-feed__bottom card__services-feed__bottom--single-button\">\n    \n    <span class=\"button button--secondary\">Vair\u0101k info<\/span>\n  <\/div>\n<\/a>        \n        <div class=\"card card__services-feed\">\n          <h2>K\u0101p\u0113c Kemaro K900 ir lab\u0101kais r\u016bpnieciskais t\u012br\u012b\u0161anas robots?<\/h2>\n          <div><ul>\n<li class=\"ng-star-inserted\"><span class=\"ng-star-inserted\">T\u012br\u012b\u0161anas robots darbojas nep\u0101rtraukti un r\u016bp\u012bgi, samazinot nepiecie\u0161am\u012bbu p\u0113c roku darba.<\/span><\/li>\n<li class=\"ng-star-inserted\"><span class=\"ng-star-inserted\">Efekt\u012bvi t\u012br\u012b\u0161anas procesi pal\u012bdz ietaup\u012bt gan laiku, gan person\u0101la izmaksas.<\/span><\/li>\n<li class=\"ng-star-inserted\"><span class=\"ng-star-inserted\">Sav\u0101c b\u012bstamas stikla lauskas un samazina putek\u013cus, tostarp no iek\u0101rtu virsm\u0101m un no plauktu starp\u0101m.<\/span><\/li>\n<li class=\"ng-star-inserted\"><span class=\"ng-star-inserted\">M\u0101ksl\u012bg\u0101 intelekta (MI) vad\u012bta navig\u0101cija ar 3D un LiDAR sken\u0113\u0161anu \u013cauj robotam piel\u0101goties p\u0101rmai\u0146\u0101m, piem\u0113ram, jauniem \u0161\u0137\u0113r\u0161\u013ciem vai at\u0161\u0137ir\u012bgiem gr\u012bdas segumu veidiem.<\/span><\/li>\n<li class=\"ng-star-inserted\"><span class=\"ng-star-inserted\">Komplekt\u0101cij\u0101 ietilpst t\u0101lvad\u012bbas pults, kas \u013cauj to manu\u0101li vad\u012bt pat ierobe\u017eot\u0101s zon\u0101s kart\u0113\u0161anas procesa laik\u0101.<\/span><\/li>\n<\/ul>\n<\/div>\n        <\/div>\n      <\/div>\n\n          <\/div>\n  <\/section>\n\n\n\n<section  class=\"max--width--full\">\n  <div class=\"divider divider--gray\">\n    <hr>\n  <\/div>\n<\/section>\n\n  <section  class=\"block__wrapper block__padded simple-content max--width block__transparent \" style=\"--p-top-desktop: 8rem; --p-bottom-desktop: 8rem; --p-top-mobile: 4rem; --p-bottom-mobile: 3rem\">\n    <div class=\"simple-content__wrapper\">\n      <div class=\"et_pb_section et_pb_section_1 et_pb_with_background et_section_regular\">\n<div class=\"et_pb_row et_pb_row_1 et_pb_gutters1\">\n<div class=\"et_pb_column et_pb_column_4_4 et_pb_column_2 et_pb_css_mix_blend_mode_passthrough et-last-child\">\n<div class=\"et_pb_module et_pb_text et_pb_text_2 et_pb_text_align_left et_pb_bg_layout_light\">\n<div class=\"et_pb_text_inner\">\n<h2 style=\"text-align: center;\" data-start=\"0\" data-end=\"41\">Rad\u012bts darbam jebkur\u0101 r\u016bpnieciskaj\u0101 vid\u0113<\/h2>\n<\/div>\n<\/div>\n<\/div>\n<\/div>\n<\/div>\n<p>&nbsp;<\/p>\n<p>K\u0101 daudzpus\u012bgs r\u016bpnieciskais t\u012br\u012b\u0161anas robots, Kemaro K900 apvieno vismodern\u0101k\u0101s tehnolo\u0123ijas, padarot to piem\u0113rotu gan specifiskiem, gan sare\u017e\u0123\u012btiem uzdevumiem.<\/p>\n<p>&nbsp;<\/p>\n<p><strong>Ra\u017eo\u0161anas uz\u0146\u0113mumi un apstr\u0101des industrija<\/strong><\/p>\n<p>K900 ir ide\u0101ls r\u016bpn\u012bc\u0101m, kur t\u0101 kompaktais un iztur\u012bgais dizains \u013cauj tai p\u0101rvietoties \u0161aur\u0101s viet\u0101s, piem\u0113ram, zem zem\u0101m konveijera lent\u0113m. Nav nepiecie\u0161ams p\u0101rtraukt ra\u017eo\u0161anu, kam\u0113r robots darbojas \u2013 tas efekt\u012bvi no\u0146em putek\u013cus un da\u017e\u0101dus gru\u017eus, piem\u0113ram, skaidas, stikla vai met\u0101la fragmentus, un nodro\u0161ina t\u012bras virsmas pat mitros apst\u0101k\u013cos.<\/p>\n<p><strong>Noliktavas<\/strong><\/p>\n<p>K900 ir vien\u012bgais autonomais t\u012br\u012b\u0161anas risin\u0101jums tirg\u016b uzglab\u0101\u0161anas un atg\u016b\u0161anas sist\u0113m\u0101m. T\u0101 zems svars nodro\u0161ina, ka tai nav probl\u0113mu ar svara ierobe\u017eojumiem uz gr\u012bd\u0101m, un tai ir \u013coti att\u012bst\u012bta navig\u0101cijas algoritms. T\u0101 var p\u0101rkl\u0101t plat\u012bbas l\u012bdz pat 40\u2019000 m\u00b2 tikai da\u017e\u0101s stund\u0101s.<\/p>\n<p>&nbsp;<\/p>\n<p><strong>B\u012bstamas zonas<\/strong><\/p>\n<p>Pagaidu uzglab\u0101\u0161anas iek\u0101rtas radioakt\u012bvajiem atkritumiem, augsta dro\u0161\u012bbas l\u012bme\u0146a sp\u0101rni vai zonas ar stipr\u0101m temperat\u016bras sv\u0101rst\u012bb\u0101m. K900 var darboties viet\u0101s, kas potenci\u0101li ir b\u012bstamas cilv\u0113kiem. Aparat\u016bra un programmat\u016bra ir izstr\u0101d\u0101ta un b\u016bv\u0113ta, lai iztur\u0113tu daudzas briesmas.<\/p>\n<p>&nbsp;<\/p>\n<p><strong>Speci\u0101li pielietojumi<\/strong><\/p>\n<p>Ir daudz un da\u017e\u0101di speci\u0101li pielietojumi K900, katru dienu tiek pievienoti jauni pielietojumi. Piem\u0113ri, tostarp pude\u013cu pild\u012b\u0161anas r\u016bpn\u012bcas un dzelzce\u013ca depotes, pier\u0101da, ka K900 var darboties ar\u012b \u013coti net\u012br\u0101s un mitr\u0101s vid\u0113s.<\/p>\n    <\/div>\n  <\/section>\n\n\n\n<section  class=\"max--width--full\">\n  <div class=\"divider divider--gray\">\n    <hr>\n  <\/div>\n<\/section>\n\n  <section  class=\"block__wrapper block__padded simple-content max--width--smaller block__transparent \" style=\"--p-top-desktop: 8rem; --p-bottom-desktop: 4rem; --p-top-mobile: 4rem; --p-bottom-mobile: 0rem\">\n    <div class=\"simple-content__wrapper\">\n      <div style=\"width: 3840px;\" class=\"wp-video\"><video class=\"wp-video-shortcode\" id=\"video-616-1\" width=\"3840\" height=\"2160\" preload=\"metadata\" controls=\"controls\"><source type=\"video\/mp4\" src=\"https:\/\/kemaro.ee\/wp-content\/uploads\/2025\/07\/Nurgakivi-Kemaro-LV-sub.mp4?_=1\" \/><a href=\"https:\/\/kemaro.ee\/wp-content\/uploads\/2025\/07\/Nurgakivi-Kemaro-LV-sub.mp4\">https:\/\/kemaro.ee\/wp-content\/uploads\/2025\/07\/Nurgakivi-Kemaro-LV-sub.mp4<\/a><\/video><\/div>\n    <\/div>\n  <\/section>\n\n\n\n<section  class=\"max--width--full\">\n  <div class=\"divider divider--gray\">\n    <hr>\n  <\/div>\n<\/section>\n\n  <section  class=\"block__wrapper block__padded simple-content max--width block__transparent \" style=\"--p-top-desktop: 8rem; --p-bottom-desktop: 16rem; --p-top-mobile: 4rem; --p-bottom-mobile: 8rem\">\n    <div class=\"simple-content__wrapper\">\n      <h2 data-start=\"42\" data-end=\"139\">J\u016bsu invest\u012bciju dro\u0161\u012bbai \u2013 3 gadu vai 5000 darba stundu garantija<\/h2>\n<p data-start=\"141\" data-end=\"312\"><a href=\"https:\/\/www.kemaro.ch\/\" target=\"_blank\" rel=\"noopener\">KEMARO AG<\/a> tur savus sol\u012bjumus \u2013 izv\u0113loties KEMARO, j\u016bs izv\u0113laties \u0160veices in\u017eeniertehnisko kvalit\u0101ti, uzticam\u012bbu un precizit\u0101ti. KEMARO K900 robots ir rad\u012bts ilgam darbam.<\/p>\n<p data-start=\"314\" data-end=\"432\">Jaunie garantijas noteikumi st\u0101jas sp\u0113k\u0101 nekav\u0113joties un attiecas ar\u012b uz visiem GEN II mode\u013ciem ar atpaka\u013cejo\u0161u sp\u0113ku:<\/p>\n<ul data-start=\"434\" data-end=\"704\">\n<li data-start=\"434\" data-end=\"508\">\n<p data-start=\"436\" data-end=\"508\">Garantija attiecas uz vis\u0101m sast\u0101vda\u013c\u0101m, iz\u0146emot nolietojam\u0101s deta\u013cas.<\/p>\n<\/li>\n<li data-start=\"509\" data-end=\"608\">\n<p data-start=\"511\" data-end=\"608\">Garantija ir sp\u0113k\u0101 tikai tad, ja apkopi veic KEMARO vai ofici\u0101lais KEMARO p\u0101rdo\u0161anas partneris.<\/p>\n<\/li>\n<li data-start=\"609\" data-end=\"704\">\n<p data-start=\"611\" data-end=\"704\">Garantija ir sp\u0113k\u0101 3 gadus vai l\u012bdz 5 000 darba stund\u0101m \u2013 atkar\u012bb\u0101 no t\u0101, kas iest\u0101jas \u0101tr\u0101k.<\/p>\n<\/li>\n<\/ul>\n    <\/div>\n  <\/section>\n","protected":false},"excerpt":{"rendered":"","protected":false},"author":1,"featured_media":0,"parent":0,"menu_order":0,"comment_status":"closed","ping_status":"closed","template":"","meta":{"_acf_changed":false,"footnotes":""},"class_list":["post-616","page","type-page","status-publish","hentry"],"acf":[],"yoast_head":"<!-- This site is optimized with the Yoast SEO plugin v24.6 - https:\/\/yoast.com\/wordpress\/plugins\/seo\/ -->\n<title>R\u016bpnieciskais t\u012br\u012b\u0161anas robots \u2013 ietaupa laiku un naudu | Kemaro<\/title>\n<meta name=\"description\" content=\"Iepaz\u012bstieties ar Kemaro K900 \u2013 jaud\u012bgs r\u016bpnieciskais t\u012br\u012b\u0161anas robots, kas uzlabo darba dro\u0161\u012bbu un samazina izmaksas. Uzziniet vair\u0101k!\" \/>\n<meta name=\"robots\" content=\"index, follow, max-snippet:-1, max-image-preview:large, max-video-preview:-1\" \/>\n<link rel=\"canonical\" href=\"https:\/\/kemaro.ee\/lv\/\" \/>\n<meta property=\"og:locale\" content=\"lv_LV\" \/>\n<meta property=\"og:type\" content=\"article\" \/>\n<meta property=\"og:title\" content=\"R\u016bpnieciskais t\u012br\u012b\u0161anas robots \u2013 ietaupa laiku un naudu | Kemaro\" \/>\n<meta property=\"og:description\" content=\"Iepaz\u012bstieties ar Kemaro K900 \u2013 jaud\u012bgs r\u016bpnieciskais t\u012br\u012b\u0161anas robots, kas uzlabo darba dro\u0161\u012bbu un samazina izmaksas. Uzziniet vair\u0101k!\" \/>\n<meta property=\"og:url\" content=\"https:\/\/kemaro.ee\/lv\/\" \/>\n<meta property=\"og:site_name\" content=\"Kemaro puhastusrobotid\" \/>\n<meta property=\"article:modified_time\" content=\"2026-02-27T09:18:11+00:00\" \/>\n<meta name=\"twitter:card\" content=\"summary_large_image\" \/>\n<meta name=\"twitter:label1\" content=\"Est. reading time\" \/>\n\t<meta name=\"twitter:data1\" content=\"4 minutes\" \/>\n<script type=\"application\/ld+json\" class=\"yoast-schema-graph\">{\"@context\":\"https:\/\/schema.org\",\"@graph\":[{\"@type\":\"WebPage\",\"@id\":\"https:\/\/kemaro.ee\/lv\/\",\"url\":\"https:\/\/kemaro.ee\/lv\/\",\"name\":\"R\u016bpnieciskais t\u012br\u012b\u0161anas robots \u2013 ietaupa laiku un naudu | Kemaro\",\"isPartOf\":{\"@id\":\"https:\/\/kemaro.ee\/lv\/#website\"},\"datePublished\":\"2025-02-04T08:19:51+00:00\",\"dateModified\":\"2026-02-27T09:18:11+00:00\",\"description\":\"Iepaz\u012bstieties ar Kemaro K900 \u2013 jaud\u012bgs r\u016bpnieciskais t\u012br\u012b\u0161anas robots, kas uzlabo darba dro\u0161\u012bbu un samazina izmaksas. Uzziniet vair\u0101k!\",\"breadcrumb\":{\"@id\":\"https:\/\/kemaro.ee\/lv\/#breadcrumb\"},\"inLanguage\":\"lv-LV\",\"potentialAction\":[{\"@type\":\"ReadAction\",\"target\":[\"https:\/\/kemaro.ee\/lv\/\"]}]},{\"@type\":\"BreadcrumbList\",\"@id\":\"https:\/\/kemaro.ee\/lv\/#breadcrumb\",\"itemListElement\":[{\"@type\":\"ListItem\",\"position\":1,\"name\":\"S\u0101kumlapa\",\"item\":\"https:\/\/kemaro.ee\/lv\/\"},{\"@type\":\"ListItem\",\"position\":2,\"name\":\"S\u0101kumlapa\"}]},{\"@type\":\"WebSite\",\"@id\":\"https:\/\/kemaro.ee\/lv\/#website\",\"url\":\"https:\/\/kemaro.ee\/lv\/\",\"name\":\"Kemaro puhastusrobotid\",\"description\":\"Kemaro puhastusrobotid pakuvad innovaatilisi lahendusi mitmesuguste vajaduste jaoks\",\"alternateName\":\"Autonoomne koristusrobot t\u00f6\u00f6stusele\",\"potentialAction\":[{\"@type\":\"SearchAction\",\"target\":{\"@type\":\"EntryPoint\",\"urlTemplate\":\"https:\/\/kemaro.ee\/lv\/?s={search_term_string}\"},\"query-input\":{\"@type\":\"PropertyValueSpecification\",\"valueRequired\":true,\"valueName\":\"search_term_string\"}}],\"inLanguage\":\"lv-LV\"}]}<\/script>\n<!-- \/ Yoast SEO plugin. -->","yoast_head_json":{"title":"R\u016bpnieciskais t\u012br\u012b\u0161anas robots \u2013 ietaupa laiku un naudu | Kemaro","description":"Iepaz\u012bstieties ar Kemaro K900 \u2013 jaud\u012bgs r\u016bpnieciskais t\u012br\u012b\u0161anas robots, kas uzlabo darba dro\u0161\u012bbu un samazina izmaksas. Uzziniet vair\u0101k!","robots":{"index":"index","follow":"follow","max-snippet":"max-snippet:-1","max-image-preview":"max-image-preview:large","max-video-preview":"max-video-preview:-1"},"canonical":"https:\/\/kemaro.ee\/lv\/","og_locale":"lv_LV","og_type":"article","og_title":"R\u016bpnieciskais t\u012br\u012b\u0161anas robots \u2013 ietaupa laiku un naudu | Kemaro","og_description":"Iepaz\u012bstieties ar Kemaro K900 \u2013 jaud\u012bgs r\u016bpnieciskais t\u012br\u012b\u0161anas robots, kas uzlabo darba dro\u0161\u012bbu un samazina izmaksas. Uzziniet vair\u0101k!","og_url":"https:\/\/kemaro.ee\/lv\/","og_site_name":"Kemaro puhastusrobotid","article_modified_time":"2026-02-27T09:18:11+00:00","twitter_card":"summary_large_image","twitter_misc":{"Est. reading time":"4 minutes"},"schema":{"@context":"https:\/\/schema.org","@graph":[{"@type":"WebPage","@id":"https:\/\/kemaro.ee\/lv\/","url":"https:\/\/kemaro.ee\/lv\/","name":"R\u016bpnieciskais t\u012br\u012b\u0161anas robots \u2013 ietaupa laiku un naudu | Kemaro","isPartOf":{"@id":"https:\/\/kemaro.ee\/lv\/#website"},"datePublished":"2025-02-04T08:19:51+00:00","dateModified":"2026-02-27T09:18:11+00:00","description":"Iepaz\u012bstieties ar Kemaro K900 \u2013 jaud\u012bgs r\u016bpnieciskais t\u012br\u012b\u0161anas robots, kas uzlabo darba dro\u0161\u012bbu un samazina izmaksas. Uzziniet vair\u0101k!","breadcrumb":{"@id":"https:\/\/kemaro.ee\/lv\/#breadcrumb"},"inLanguage":"lv-LV","potentialAction":[{"@type":"ReadAction","target":["https:\/\/kemaro.ee\/lv\/"]}]},{"@type":"BreadcrumbList","@id":"https:\/\/kemaro.ee\/lv\/#breadcrumb","itemListElement":[{"@type":"ListItem","position":1,"name":"S\u0101kumlapa","item":"https:\/\/kemaro.ee\/lv\/"},{"@type":"ListItem","position":2,"name":"S\u0101kumlapa"}]},{"@type":"WebSite","@id":"https:\/\/kemaro.ee\/lv\/#website","url":"https:\/\/kemaro.ee\/lv\/","name":"Kemaro puhastusrobotid","description":"Kemaro puhastusrobotid pakuvad innovaatilisi lahendusi mitmesuguste vajaduste jaoks","alternateName":"Autonoomne koristusrobot t\u00f6\u00f6stusele","potentialAction":[{"@type":"SearchAction","target":{"@type":"EntryPoint","urlTemplate":"https:\/\/kemaro.ee\/lv\/?s={search_term_string}"},"query-input":{"@type":"PropertyValueSpecification","valueRequired":true,"valueName":"search_term_string"}}],"inLanguage":"lv-LV"}]}},"_links":{"self":[{"href":"https:\/\/kemaro.ee\/lv\/wp-json\/wp\/v2\/pages\/616","targetHints":{"allow":["GET"]}}],"collection":[{"href":"https:\/\/kemaro.ee\/lv\/wp-json\/wp\/v2\/pages"}],"about":[{"href":"https:\/\/kemaro.ee\/lv\/wp-json\/wp\/v2\/types\/page"}],"author":[{"embeddable":true,"href":"https:\/\/kemaro.ee\/lv\/wp-json\/wp\/v2\/users\/1"}],"replies":[{"embeddable":true,"href":"https:\/\/kemaro.ee\/lv\/wp-json\/wp\/v2\/comments?post=616"}],"version-history":[{"count":20,"href":"https:\/\/kemaro.ee\/lv\/wp-json\/wp\/v2\/pages\/616\/revisions"}],"predecessor-version":[{"id":1528,"href":"https:\/\/kemaro.ee\/lv\/wp-json\/wp\/v2\/pages\/616\/revisions\/1528"}],"wp:attachment":[{"href":"https:\/\/kemaro.ee\/lv\/wp-json\/wp\/v2\/media?parent=616"}],"curies":[{"name":"wp","href":"https:\/\/api.w.org\/{rel}","templated":true}]}}