{"id":1235,"date":"2025-10-07T13:35:21","date_gmt":"2025-10-07T13:35:21","guid":{"rendered":"https:\/\/kemaro.ee\/?page_id=1235"},"modified":"2025-10-10T08:08:44","modified_gmt":"2025-10-10T08:08:44","slug":"autonomais-tirisanas-robots-kemaro-k900-videoteka","status":"publish","type":"page","link":"https:\/\/kemaro.ee\/lv\/autonomais-tirisanas-robots-kemaro-k900-videoteka\/","title":{"rendered":"Autonomais t\u012br\u012b\u0161anas robots Kemaro K900 \u2013 Videot\u0113ka"},"content":{"rendered":"\n  <div class=\"block__transparent\">\n  <section  class=\"block__wrapper block__padded column-content max--width block__transparent \" >\n    <div class=\"column-content__wrapper  \">\n      <div class=\"column-content__first\">\n                  <h3><strong>Rad\u012bts r\u016bpniec\u012bbai \u2013 vieds, iztur\u012bgs un autonoms<\/strong><\/h3>\n<p><iframe loading=\"lazy\" title=\"Built for Industry \u2013 Smart, Tough, Connected. KEMARO K900\" width=\"500\" height=\"281\" src=\"https:\/\/www.youtube.com\/embed\/0oABzAGJ8Jk?feature=oembed\" frameborder=\"0\" allow=\"accelerometer; autoplay; clipboard-write; encrypted-media; gyroscope; picture-in-picture; web-share\" referrerpolicy=\"strict-origin-when-cross-origin\" allowfullscreen><\/iframe><\/p>\n<p>&nbsp;<\/p>\n\n          \n              <\/div>\n\n      <div class=\"column-content__second\">\n                  <h3><strong>Koka skaidas? Robotam K900 Gen II t\u0101 nav probl\u0113ma!<\/strong><\/h3>\n<p><iframe loading=\"lazy\" title=\"Wood shavings? No problem for the K900 Gen II!\" width=\"500\" height=\"281\" src=\"https:\/\/www.youtube.com\/embed\/32gZve32yxU?feature=oembed\" frameborder=\"0\" allow=\"accelerometer; autoplay; clipboard-write; encrypted-media; gyroscope; picture-in-picture; web-share\" referrerpolicy=\"strict-origin-when-cross-origin\" allowfullscreen><\/iframe><\/p>\n<p>&nbsp;<\/p>\n          \n              <\/div>\n\n    <\/div>\n  <\/section>\n\n<\/div>\n\n\n\n  <div class=\"block__transparent\">\n  <section  class=\"block__wrapper block__padded column-content max--width block__transparent \" style=\"--p-top-desktop: 3rem; --p-bottom-desktop: 0rem; --p-top-mobile: 1rem; --p-bottom-mobile: 0rem\">\n    <div class=\"column-content__wrapper  \">\n      <div class=\"column-content__first\">\n                  <h3><strong>K900 \u2013 \u0101tra uzst\u0101d\u012b\u0161ana, nep\u0101rtraukta darb\u012bba: autonoms t\u012br\u012b\u0161anas risin\u0101jums<\/strong><\/h3>\n<p><iframe loading=\"lazy\" title=\"K900 - Fast Setup, Continuous Operation: Autonomous Cleaning Solutions - UTZ\" width=\"500\" height=\"281\" src=\"https:\/\/www.youtube.com\/embed\/vt9BAJgKCso?feature=oembed\" frameborder=\"0\" allow=\"accelerometer; autoplay; clipboard-write; encrypted-media; gyroscope; picture-in-picture; web-share\" referrerpolicy=\"strict-origin-when-cross-origin\" allowfullscreen><\/iframe><\/p>\n<p>&nbsp;<\/p>\n\n          \n              <\/div>\n\n      <div class=\"column-content__second\">\n                  <h3 class=\"ng-star-inserted\"><strong>KEMARO AG un Camion Transport \u2013 klienta st\u0101sts<\/strong><\/h3>\n<p><iframe loading=\"lazy\" title=\"KEMARO AG Camion Transport Testimonial\" width=\"500\" height=\"281\" src=\"https:\/\/www.youtube.com\/embed\/dmUCBZUMqu4?feature=oembed\" frameborder=\"0\" allow=\"accelerometer; autoplay; clipboard-write; encrypted-media; gyroscope; picture-in-picture; web-share\" referrerpolicy=\"strict-origin-when-cross-origin\" allowfullscreen><\/iframe><\/p>\n<p>&nbsp;<\/p>\n          \n              <\/div>\n\n    <\/div>\n  <\/section>\n\n<\/div>\n\n\n\n  <div class=\"block__transparent\">\n  <section  class=\"block__wrapper block__padded column-content max--width block__transparent \" style=\"--p-top-desktop: 3rem; --p-bottom-desktop: 0rem; --p-top-mobile: 1rem; --p-bottom-mobile: 0rem\">\n    <div class=\"column-content__wrapper  \">\n      <div class=\"column-content__first\">\n                  <h3><strong>T\u012bras telpas, t\u012br\u0101ks gaiss!<\/strong><\/h3>\n<p><iframe loading=\"lazy\" title=\"Clean Halls, Cleaner Air \u2013 at Erhardt+Leimer GmbH\" width=\"500\" height=\"281\" src=\"https:\/\/www.youtube.com\/embed\/j6-S7ife_sU?feature=oembed\" frameborder=\"0\" allow=\"accelerometer; autoplay; clipboard-write; encrypted-media; gyroscope; picture-in-picture; web-share\" referrerpolicy=\"strict-origin-when-cross-origin\" allowfullscreen><\/iframe><\/p>\n\n          \n              <\/div>\n\n      <div class=\"column-content__second\">\n                  <article class=\"text-token-text-primary w-full focus:outline-none scroll-mt-[calc(var(--header-height)+min(200px,max(70px,20svh)))]\" dir=\"auto\" tabindex=\"-1\" data-turn-id=\"request-WEB:42d30353-0642-447a-b07a-4f239ec74e36-10\" data-testid=\"conversation-turn-22\" data-scroll-anchor=\"false\" data-turn=\"assistant\">\n<div class=\"text-base my-auto mx-auto [--thread-content-margin:--spacing(4)] thread-sm:[--thread-content-margin:--spacing(6)] thread-lg:[--thread-content-margin:--spacing(16)] px-(--thread-content-margin)\">\n<div class=\"[--thread-content-max-width:40rem] thread-lg:[--thread-content-max-width:48rem] mx-auto max-w-(--thread-content-max-width) flex-1 group\/turn-messages focus-visible:outline-hidden relative flex w-full min-w-0 flex-col agent-turn\" tabindex=\"-1\">\n<div class=\"flex max-w-full flex-col grow\">\n<div class=\"min-h-8 text-message relative flex w-full flex-col items-end gap-2 text-start break-words whitespace-normal [.text-message+&amp;]:mt-5\" dir=\"auto\" data-message-author-role=\"assistant\" data-message-id=\"5d1e9e76-4c0a-4482-be45-61a8e51b7867\" data-message-model-slug=\"gpt-5\">\n<div class=\"flex w-full flex-col gap-1 empty:hidden first:pt-[1px]\">\n<div class=\"markdown prose dark:prose-invert w-full break-words light markdown-new-styling\">\n<h3 data-start=\"0\" data-end=\"74\"><strong>R\u016bpnieciskais t\u012br\u012b\u0161anas robots \u2013 ide\u0101la integr\u0101cija AGV noliktav\u0101s<\/strong><\/h3>\n<p><iframe loading=\"lazy\" title=\"Industrial Sweeper | The perfect integration for any AGV Warehouse | KEMARO K900\" width=\"500\" height=\"281\" src=\"https:\/\/www.youtube.com\/embed\/fJb06o3VqYI?feature=oembed\" frameborder=\"0\" allow=\"accelerometer; autoplay; clipboard-write; encrypted-media; gyroscope; picture-in-picture; web-share\" referrerpolicy=\"strict-origin-when-cross-origin\" allowfullscreen><\/iframe><\/p>\n<\/div>\n<\/div>\n<\/div>\n<\/div>\n<\/div>\n<\/div>\n<\/article>\n          \n              <\/div>\n\n    <\/div>\n  <\/section>\n\n<\/div>\n\n\n\n  <div class=\"block__transparent\">\n  <section  class=\"block__wrapper block__padded column-content vordne-korgus max--width block__transparent \" style=\"--p-top-desktop: 10rem; --p-bottom-desktop: 0rem; --p-top-mobile: 1rem; --p-bottom-mobile: 0rem\">\n    <div class=\"column-content__wrapper  \">\n      <div class=\"column-content__first\">\n                  <h3><strong>Met\u0101la skaidas? Kemaro K900 ar to tiek gal\u0101 lieliski!<\/strong><\/h3>\n<p><iframe loading=\"lazy\" title=\"Conquering Metal Shavings with the K900 - UNIMA\" width=\"500\" height=\"281\" src=\"https:\/\/www.youtube.com\/embed\/UKabetT3yPk?feature=oembed\" frameborder=\"0\" allow=\"accelerometer; autoplay; clipboard-write; encrypted-media; gyroscope; picture-in-picture; web-share\" referrerpolicy=\"strict-origin-when-cross-origin\" allowfullscreen><\/iframe><\/p>\n<p>&nbsp;<\/p>\n\n          \n              <\/div>\n\n      <div class=\"column-content__second\">\n                  <h3><strong>Kemaro K900 darbam mitr\u0101 vid\u0113<\/strong><\/h3>\n<p><iframe loading=\"lazy\" title=\"Industrial Autonomous Sweeper - K900 Wet Environment\" width=\"500\" height=\"281\" src=\"https:\/\/www.youtube.com\/embed\/6RPrnOFQk2I?feature=oembed\" frameborder=\"0\" allow=\"accelerometer; autoplay; clipboard-write; encrypted-media; gyroscope; picture-in-picture; web-share\" referrerpolicy=\"strict-origin-when-cross-origin\" allowfullscreen><\/iframe><\/p>\n<p>&nbsp;<\/p>\n          \n              <\/div>\n\n    <\/div>\n  <\/section>\n\n<\/div>\n\n\n\n  <div class=\"block__transparent\">\n  <section  class=\"block__wrapper block__padded column-content vordne-korgus max--width block__transparent \" style=\"--p-top-desktop: 1rem; --p-bottom-desktop: 10rem; --p-top-mobile: 1rem; --p-bottom-mobile: 5rem\">\n    <div class=\"column-content__wrapper  column-content__wrapper--reversed\">\n      <div class=\"column-content__first\">\n                  <h3><strong>R\u016bpnieciskais t\u012br\u012b\u0161anas robots \u0161aur\u0101m noliktav\u0101m un ra\u017eotn\u0113m<\/strong><\/h3>\n<p><iframe loading=\"lazy\" title=\"Industrial Robot Sweeper for Low-Clearance Warehouses and Production Facilities | KEMARO K900\" width=\"500\" height=\"375\" src=\"https:\/\/www.youtube.com\/embed\/tyvgIAW4WTQ?feature=oembed\" frameborder=\"0\" allow=\"accelerometer; autoplay; clipboard-write; encrypted-media; gyroscope; picture-in-picture; web-share\" referrerpolicy=\"strict-origin-when-cross-origin\" allowfullscreen><\/iframe><\/p>\n\n          \n              <\/div>\n\n      <div class=\"column-content__second\">\n                  <h3><strong>Autonomais t\u012br\u012b\u0161anas robots K900 met\u0101lapstr\u0101des nozar\u0113<br \/>\n<span style=\"color: transparent;\">.<\/span><\/strong><\/h3>\n<p><iframe loading=\"lazy\" title=\"The K900 autonomous sweeper - Metal processing plant -  SCHMOBI\" width=\"500\" height=\"281\" src=\"https:\/\/www.youtube.com\/embed\/Y_u1Aw5iBBY?feature=oembed\" frameborder=\"0\" allow=\"accelerometer; autoplay; clipboard-write; encrypted-media; gyroscope; picture-in-picture; web-share\" referrerpolicy=\"strict-origin-when-cross-origin\" allowfullscreen><\/iframe><\/p>\n          \n              <\/div>\n\n    <\/div>\n  <\/section>\n\n<\/div>\n","protected":false},"excerpt":{"rendered":"","protected":false},"author":2,"featured_media":0,"parent":0,"menu_order":0,"comment_status":"closed","ping_status":"closed","template":"","meta":{"_acf_changed":false,"footnotes":""},"class_list":["post-1235","page","type-page","status-publish","hentry"],"acf":[],"yoast_head":"<!-- This site is optimized with the Yoast SEO plugin v24.6 - https:\/\/yoast.com\/wordpress\/plugins\/seo\/ -->\n<title>Autonomais t\u012br\u012b\u0161anas robots Kemaro K900 \u2013 Videot\u0113ka - Kemaro puhastusrobotid<\/title>\n<meta name=\"robots\" content=\"index, follow, max-snippet:-1, max-image-preview:large, max-video-preview:-1\" \/>\n<link rel=\"canonical\" href=\"https:\/\/kemaro.ee\/lv\/autonomais-tirisanas-robots-kemaro-k900-videoteka\/\" \/>\n<meta property=\"og:locale\" content=\"lv_LV\" \/>\n<meta property=\"og:type\" content=\"article\" \/>\n<meta property=\"og:title\" content=\"Autonomais t\u012br\u012b\u0161anas robots Kemaro K900 \u2013 Videot\u0113ka - Kemaro puhastusrobotid\" \/>\n<meta property=\"og:url\" content=\"https:\/\/kemaro.ee\/lv\/autonomais-tirisanas-robots-kemaro-k900-videoteka\/\" \/>\n<meta property=\"og:site_name\" content=\"Kemaro puhastusrobotid\" \/>\n<meta property=\"article:modified_time\" content=\"2025-10-10T08:08:44+00:00\" \/>\n<meta name=\"twitter:card\" content=\"summary_large_image\" \/>\n<meta name=\"twitter:label1\" content=\"Est. reading time\" \/>\n\t<meta name=\"twitter:data1\" content=\"1 minute\" \/>\n<script type=\"application\/ld+json\" class=\"yoast-schema-graph\">{\"@context\":\"https:\/\/schema.org\",\"@graph\":[{\"@type\":\"WebPage\",\"@id\":\"https:\/\/kemaro.ee\/lv\/autonomais-tirisanas-robots-kemaro-k900-videoteka\/\",\"url\":\"https:\/\/kemaro.ee\/lv\/autonomais-tirisanas-robots-kemaro-k900-videoteka\/\",\"name\":\"Autonomais t\u012br\u012b\u0161anas robots Kemaro K900 \u2013 Videot\u0113ka - Kemaro puhastusrobotid\",\"isPartOf\":{\"@id\":\"https:\/\/kemaro.ee\/lv\/#website\"},\"datePublished\":\"2025-10-07T13:35:21+00:00\",\"dateModified\":\"2025-10-10T08:08:44+00:00\",\"breadcrumb\":{\"@id\":\"https:\/\/kemaro.ee\/lv\/autonomais-tirisanas-robots-kemaro-k900-videoteka\/#breadcrumb\"},\"inLanguage\":\"lv-LV\",\"potentialAction\":[{\"@type\":\"ReadAction\",\"target\":[\"https:\/\/kemaro.ee\/lv\/autonomais-tirisanas-robots-kemaro-k900-videoteka\/\"]}]},{\"@type\":\"BreadcrumbList\",\"@id\":\"https:\/\/kemaro.ee\/lv\/autonomais-tirisanas-robots-kemaro-k900-videoteka\/#breadcrumb\",\"itemListElement\":[{\"@type\":\"ListItem\",\"position\":1,\"name\":\"S\u0101kumlapa\",\"item\":\"https:\/\/kemaro.ee\/lv\/\"},{\"@type\":\"ListItem\",\"position\":2,\"name\":\"Autonomais t\u012br\u012b\u0161anas robots Kemaro K900 \u2013 Videot\u0113ka\"}]},{\"@type\":\"WebSite\",\"@id\":\"https:\/\/kemaro.ee\/lv\/#website\",\"url\":\"https:\/\/kemaro.ee\/lv\/\",\"name\":\"Kemaro puhastusrobotid\",\"description\":\"Kemaro puhastusrobotid pakuvad innovaatilisi lahendusi mitmesuguste vajaduste jaoks\",\"alternateName\":\"Autonoomne koristusrobot t\u00f6\u00f6stusele\",\"potentialAction\":[{\"@type\":\"SearchAction\",\"target\":{\"@type\":\"EntryPoint\",\"urlTemplate\":\"https:\/\/kemaro.ee\/lv\/?s={search_term_string}\"},\"query-input\":{\"@type\":\"PropertyValueSpecification\",\"valueRequired\":true,\"valueName\":\"search_term_string\"}}],\"inLanguage\":\"lv-LV\"}]}<\/script>\n<!-- \/ Yoast SEO plugin. -->","yoast_head_json":{"title":"Autonomais t\u012br\u012b\u0161anas robots Kemaro K900 \u2013 Videot\u0113ka - Kemaro puhastusrobotid","robots":{"index":"index","follow":"follow","max-snippet":"max-snippet:-1","max-image-preview":"max-image-preview:large","max-video-preview":"max-video-preview:-1"},"canonical":"https:\/\/kemaro.ee\/lv\/autonomais-tirisanas-robots-kemaro-k900-videoteka\/","og_locale":"lv_LV","og_type":"article","og_title":"Autonomais t\u012br\u012b\u0161anas robots Kemaro K900 \u2013 Videot\u0113ka - Kemaro puhastusrobotid","og_url":"https:\/\/kemaro.ee\/lv\/autonomais-tirisanas-robots-kemaro-k900-videoteka\/","og_site_name":"Kemaro puhastusrobotid","article_modified_time":"2025-10-10T08:08:44+00:00","twitter_card":"summary_large_image","twitter_misc":{"Est. reading time":"1 minute"},"schema":{"@context":"https:\/\/schema.org","@graph":[{"@type":"WebPage","@id":"https:\/\/kemaro.ee\/lv\/autonomais-tirisanas-robots-kemaro-k900-videoteka\/","url":"https:\/\/kemaro.ee\/lv\/autonomais-tirisanas-robots-kemaro-k900-videoteka\/","name":"Autonomais t\u012br\u012b\u0161anas robots Kemaro K900 \u2013 Videot\u0113ka - Kemaro puhastusrobotid","isPartOf":{"@id":"https:\/\/kemaro.ee\/lv\/#website"},"datePublished":"2025-10-07T13:35:21+00:00","dateModified":"2025-10-10T08:08:44+00:00","breadcrumb":{"@id":"https:\/\/kemaro.ee\/lv\/autonomais-tirisanas-robots-kemaro-k900-videoteka\/#breadcrumb"},"inLanguage":"lv-LV","potentialAction":[{"@type":"ReadAction","target":["https:\/\/kemaro.ee\/lv\/autonomais-tirisanas-robots-kemaro-k900-videoteka\/"]}]},{"@type":"BreadcrumbList","@id":"https:\/\/kemaro.ee\/lv\/autonomais-tirisanas-robots-kemaro-k900-videoteka\/#breadcrumb","itemListElement":[{"@type":"ListItem","position":1,"name":"S\u0101kumlapa","item":"https:\/\/kemaro.ee\/lv\/"},{"@type":"ListItem","position":2,"name":"Autonomais t\u012br\u012b\u0161anas robots Kemaro K900 \u2013 Videot\u0113ka"}]},{"@type":"WebSite","@id":"https:\/\/kemaro.ee\/lv\/#website","url":"https:\/\/kemaro.ee\/lv\/","name":"Kemaro puhastusrobotid","description":"Kemaro puhastusrobotid pakuvad innovaatilisi lahendusi mitmesuguste vajaduste jaoks","alternateName":"Autonoomne koristusrobot t\u00f6\u00f6stusele","potentialAction":[{"@type":"SearchAction","target":{"@type":"EntryPoint","urlTemplate":"https:\/\/kemaro.ee\/lv\/?s={search_term_string}"},"query-input":{"@type":"PropertyValueSpecification","valueRequired":true,"valueName":"search_term_string"}}],"inLanguage":"lv-LV"}]}},"_links":{"self":[{"href":"https:\/\/kemaro.ee\/lv\/wp-json\/wp\/v2\/pages\/1235","targetHints":{"allow":["GET"]}}],"collection":[{"href":"https:\/\/kemaro.ee\/lv\/wp-json\/wp\/v2\/pages"}],"about":[{"href":"https:\/\/kemaro.ee\/lv\/wp-json\/wp\/v2\/types\/page"}],"author":[{"embeddable":true,"href":"https:\/\/kemaro.ee\/lv\/wp-json\/wp\/v2\/users\/2"}],"replies":[{"embeddable":true,"href":"https:\/\/kemaro.ee\/lv\/wp-json\/wp\/v2\/comments?post=1235"}],"version-history":[{"count":4,"href":"https:\/\/kemaro.ee\/lv\/wp-json\/wp\/v2\/pages\/1235\/revisions"}],"predecessor-version":[{"id":1259,"href":"https:\/\/kemaro.ee\/lv\/wp-json\/wp\/v2\/pages\/1235\/revisions\/1259"}],"wp:attachment":[{"href":"https:\/\/kemaro.ee\/lv\/wp-json\/wp\/v2\/media?parent=1235"}],"curies":[{"name":"wp","href":"https:\/\/api.w.org\/{rel}","templated":true}]}}