{"id":611,"date":"2025-02-04T10:19:51","date_gmt":"2025-02-04T08:19:51","guid":{"rendered":"https:\/\/kemaro.ee\/avaleht\/"},"modified":"2026-02-27T09:17:11","modified_gmt":"2026-02-27T09:17:11","slug":"avaleht","status":"publish","type":"page","link":"https:\/\/kemaro.ee\/fi\/","title":{"rendered":"Kotisivu"},"content":{"rendered":"  <section  class=\"block__wrapper slider max--width--full block__transparent \" >\n    <div class=\"slider__carousel splide  with-pagination\">\n      <div class=\"splide__track slider__track\">\n        <div class=\"splide__list slider__list\">\n          \n            <div class=\"splide__slide slider__slide\" data-splide-html-video=\"https:\/\/kemaro.ee\/wp-content\/uploads\/2025\/06\/Kemaro-FI-koduleht.mp4\">\n              <img decoding=\"async\" width=\"2560\" height=\"1708\" src=\"https:\/\/kemaro.ee\/wp-content\/uploads\/2025\/02\/20201119-Kemaro-20retuschiert_AKTUELL-scaled-1.jpg\" class=\"slider__image\" alt=\"Kemaro K900 Gen II TOP autonominen puhdistusrobotti\" \/>\n                              <div class=\"slider__caption\">Kemaro K900 \u2013 tehokas teollisuuden puhdistusrobotti ty\u00f6ss\u00e4\u00e4n.<\/div>\n                          <\/div>\n\n                  <\/div>\n      <\/div>\n\n      <div class=\"slider__scroll-arrow\" id=\"js-scroll-down\">\n        <i data-feather=\"chevron-down\"><\/i>\n      <\/div>\n\n      <div class=\"slider__overlay \">\n        \n              <\/div>\n\n              <ul class=\"slider__pagination splide__pagination\"><\/ul>\n      \n        <\/section>\n\n\n  <section  class=\"block__wrapper block__padded simple-content max--width block__transparent \" style=\"--p-top-desktop: 8rem; --p-bottom-desktop: 8rem; --p-top-mobile: 8rem; --p-bottom-mobile: 4rem\">\n    <div class=\"simple-content__wrapper\">\n      <h1 style=\"text-align: center;\">Pesumati Trade on sveitsil\u00e4isen Kemaro AG:n autonomisten siivousrobottien virallinen maahantuoja Virossa<\/h1>\n<p>Siivousalan asiantuntijoina tied\u00e4mme, mik\u00e4 todella toimii, ja Kemaro on ratkaisu, joka muuttaa teollisuustilojen siivouksen pysyv\u00e4sti. Kyseess\u00e4 ei ole vain siivousrobotti \u2013 se on investointi tehokkuuteen, joka vapauttaa ty\u00f6ntekij\u00e4nne arvokkaampiin teht\u00e4viin. Vallankumouksellinen puhtaus. Todistetut tulokset. Esittelee: Pesumati Trade.<\/p>\n    <\/div>\n  <\/section>\n\n\n\n<section  class=\"max--width--full\">\n  <div class=\"divider divider--gray\">\n    <hr>\n  <\/div>\n<\/section>\n\n  <div class=\"block__transparent\">\n  <section  class=\"block__wrapper block__padded info max--width block__transparent \" style=\"--p-top-desktop: 8rem; --p-bottom-desktop: 8rem; --p-top-mobile: 8rem; --p-bottom-mobile: 4rem\">\n    <div class=\"info__wrapper info__wrapper--no-image\">\n      \n              <div class=\"info__content\">\n                      <h2>Puhdas tuotantotila on tehokas tuotantotila \u2013 automatisoi siivous Kemaro-robotilla<\/h2>\n          \n                      <p class=\"info__description\">Kemaro K900 on autonominen puhdistusrobotti, joka auttaa saavuttamaan maksimaalisen puhtauden minimaalilla vaivalla. Olipa kyseess\u00e4 varastot, tuotantolinjat tai vaaralliset alueet, K900 mukautuu jokaiseen haasteeseen, tarjoten nopeita, kustannustehokkaita ja tehokkaita tuloksia samalla, kun puhdistuskustannukset laskevat yli 50%. Kemaro K900 ei ole pelk\u00e4st\u00e4\u00e4n puhdistusrobotti \u2013 se on strateginen investointi puhtaampaan ja turvallisempaan ty\u00f6ymp\u00e4rist\u00f6\u00f6n.<\/p>\n          \n          \n        <\/div>\n          <\/div>\n  <\/section>\n\n  <\/div>\n\n\n<section  class=\"max--width--full\">\n  <div class=\"divider divider--gray\">\n    <hr>\n  <\/div>\n<\/section>\n\n  <section  class=\"block__wrapper block__padded simple-content max--width block__transparent \" style=\"--p-top-desktop: 8rem; --p-bottom-desktop: 4rem; --p-top-mobile: 4rem; --p-bottom-mobile: 0rem\">\n    <div class=\"simple-content__wrapper\">\n      <h2 style=\"text-align: center;\" data-start=\"0\" data-end=\"18\">Valitse oikea teollisuuden puhdistusrobotti tarpeisiisi<\/h2>\n<div class=\"flex max-w-full flex-col flex-grow\">\n<div class=\"min-h-8 text-message relative flex w-full flex-col items-end gap-2 whitespace-normal break-words text-start [.text-message+&amp;]:mt-5\" dir=\"auto\" data-message-author-role=\"assistant\" data-message-id=\"e78c3405-167d-44ee-9bd3-042ce59a691d\" data-message-model-slug=\"gpt-4o-mini\">\n<div class=\"flex w-full flex-col gap-1 empty:hidden first:pt-[3px]\">\n<div class=\"markdown prose w-full break-words dark:prose-invert dark\">\n<p data-start=\"19\" data-end=\"308\" data-is-last-node=\"\" data-is-only-node=\"\">Kemaro-puhdistusrobotit tarjoavat innovatiivisia ratkaisuja erilaisille pinnoille ja tarpeille. Riippumatta puhdistusalueen koosta tai ty\u00f6ymp\u00e4rist\u00f6n monimutkaisuudesta, ne takaavat maksimaalisen tehokkuuden, helppok\u00e4ytt\u00f6isyyden ja kustannustehokkuuden. L\u00f6yd\u00e4 t\u00e4ydellinen malli tarpeisiisi.<\/p>\n<\/div>\n<\/div>\n<\/div>\n<\/div>\n    <\/div>\n  <\/section>\n\n\n  <section class=\"block__wrapper block__padded services-feed max--width block__transparent \" style=\"--p-top-desktop: 0rem; --p-bottom-desktop: 8rem; --p-top-mobile: 0rem; --p-bottom-mobile: 4rem\">\n    <div class=\"services-feed__wrapper\">\n      \n      <div class=\"services-feed__content\">\n        \n<a class=\"card card__services-feed\" href=\"https:\/\/kemaro.ee\/fi\/robot\/kemaro-k900-gen-ii-top-2\/\" target=\"_self\">\n      <div class=\"card__services-feed__image\">\n              <img decoding=\"async\" width=\"2560\" height=\"1708\" src=\"https:\/\/kemaro.ee\/wp-content\/uploads\/2025\/02\/20201119-Kemaro-20retuschiert_AKTUELL-scaled-1.jpg\" class=\"attachment-full size-full\" alt=\"Kemaro K900 Gen II TOP autonominen puhdistusrobotti\" \/>          <\/div>\n  \n  <div class=\"card__services-feed__top\">\n    <div class=\"card__services-feed__title\">\n      <h2>K900 Gen II TOP<\/h2>\n    <\/div>\n\n    <div class=\"card__services-feed__description\"><\/div>\n  <\/div>\n\n  <div class=\"card__services-feed__bottom card__services-feed__bottom--single-button\">\n    \n    <span class=\"button button--secondary\">Lis\u00e4tietoja<\/span>\n  <\/div>\n<\/a>\n<a class=\"card card__services-feed\" href=\"https:\/\/kemaro.ee\/fi\/robot\/k900-gen-ii-smart\/\" target=\"_self\">\n      <div class=\"card__services-feed__image\">\n              <img decoding=\"async\" width=\"800\" height=\"533\" src=\"https:\/\/kemaro.ee\/wp-content\/uploads\/2025\/02\/20201119-Kemaro-27_klein.jpg\" class=\"attachment-full size-full\" alt=\"\" \/>          <\/div>\n  \n  <div class=\"card__services-feed__top\">\n    <div class=\"card__services-feed__title\">\n      <h2>K900\u00a0Gen II Smart<\/h2>\n    <\/div>\n\n    <div class=\"card__services-feed__description\"><\/div>\n  <\/div>\n\n  <div class=\"card__services-feed__bottom card__services-feed__bottom--single-button\">\n    \n    <span class=\"button button--secondary\">Lis\u00e4tietoja<\/span>\n  <\/div>\n<\/a>\n<a class=\"card card__services-feed\" href=\"https:\/\/kemaro.ee\/fi\/robot\/k900-gen-ii-eco\/\" target=\"_self\">\n      <div class=\"card__services-feed__image\">\n              <img decoding=\"async\" width=\"2500\" height=\"1667\" src=\"https:\/\/kemaro.ee\/wp-content\/uploads\/2025\/02\/20201119-Kemaro-46_klein.jpg\" class=\"attachment-full size-full\" alt=\"\" \/>          <\/div>\n  \n  <div class=\"card__services-feed__top\">\n    <div class=\"card__services-feed__title\">\n      <h2>K900\u00a0Gen II ECO<\/h2>\n    <\/div>\n\n    <div class=\"card__services-feed__description\"><\/div>\n  <\/div>\n\n  <div class=\"card__services-feed__bottom card__services-feed__bottom--single-button\">\n    \n    <span class=\"button button--secondary\">Lis\u00e4tietoja<\/span>\n  <\/div>\n<\/a>\n<a class=\"card card__services-feed\" href=\"https:\/\/kemaro.ee\/fi\/robot\/k900-wet-environment\/\" target=\"_self\">\n      <div class=\"card__services-feed__image\">\n              <img decoding=\"async\" width=\"2500\" height=\"1667\" src=\"https:\/\/kemaro.ee\/wp-content\/uploads\/2025\/02\/20201119-Kemaro-46_klein.jpg\" class=\"attachment-full size-full\" alt=\"\" \/>          <\/div>\n  \n  <div class=\"card__services-feed__top\">\n    <div class=\"card__services-feed__title\">\n      <h2>K900 Wet Environment<\/h2>\n    <\/div>\n\n    <div class=\"card__services-feed__description\"><\/div>\n  <\/div>\n\n  <div class=\"card__services-feed__bottom card__services-feed__bottom--single-button\">\n    \n    <span class=\"button button--secondary\">Lis\u00e4tietoja<\/span>\n  <\/div>\n<\/a>\n<a class=\"card card__services-feed\" href=\"https:\/\/kemaro.ee\/fi\/robot\/k700-compact-2\/\" target=\"_self\">\n      <div class=\"card__services-feed__image\">\n              <img decoding=\"async\" width=\"2000\" height=\"1414\" src=\"https:\/\/kemaro.ee\/wp-content\/uploads\/2025\/05\/Kemaro-kodulehele-8.jpg\" class=\"attachment-full size-full\" alt=\"\" \/>          <\/div>\n  \n  <div class=\"card__services-feed__top\">\n    <div class=\"card__services-feed__title\">\n      <h2>K700 Compact<\/h2>\n    <\/div>\n\n    <div class=\"card__services-feed__description\"><\/div>\n  <\/div>\n\n  <div class=\"card__services-feed__bottom card__services-feed__bottom--single-button\">\n    \n    <span class=\"button button--secondary\">Lis\u00e4tietoja<\/span>\n  <\/div>\n<\/a>        \n        <div class=\"card card__services-feed\">\n          <h2>Kemaro siivousrobotin suurimmat edut yrityksellesi<\/h2>\n          <div><ul>\n<li class=\"ng-star-inserted\"><span class=\"ng-star-inserted\">Siivousrobotti ty\u00f6skentelee jatkuvasti ja perusteellisesti, mik\u00e4 v\u00e4hent\u00e4\u00e4 manuaalisen ty\u00f6n tarvetta.<\/span><\/li>\n<li class=\"ng-star-inserted\"><span class=\"ng-star-inserted\">Tehokkaat siivousprosessit auttavat s\u00e4\u00e4st\u00e4m\u00e4\u00e4n sek\u00e4 aikaa ett\u00e4 henkil\u00f6st\u00f6kustannuksia.<\/span><\/li>\n<li class=\"ng-star-inserted\"><span class=\"ng-star-inserted\">Poistaa vaaralliset lasinsirut ja v\u00e4hent\u00e4\u00e4 p\u00f6ly\u00e4, my\u00f6s laitteiden pinnoilta ja hyllyjen v\u00e4list\u00e4.<\/span><\/li>\n<li class=\"ng-star-inserted\"><span class=\"ng-star-inserted\">Teko\u00e4lypohjainen navigointi 3D- ja LiDAR-skannauksella antaa robotin sopeutua muutoksiin, kuten uusiin esteisiin tai erilaisiin lattiapintoihin.<\/span><\/li>\n<li class=\"ng-star-inserted\"><span class=\"ng-star-inserted\">Mukana tulee kaukos\u00e4\u00e4din, joka mahdollistaa k\u00e4siohjauksen jopa rajoitetuille alueille kartoitusprosessin aikana.<\/span><\/li>\n<\/ul>\n<\/div>\n        <\/div>\n      <\/div>\n\n          <\/div>\n  <\/section>\n\n\n\n<section  class=\"max--width--full\">\n  <div class=\"divider divider--gray\">\n    <hr>\n  <\/div>\n<\/section>\n\n  <section  class=\"block__wrapper block__padded simple-content max--width block__transparent \" style=\"--p-top-desktop: 8rem; --p-bottom-desktop: 8rem; --p-top-mobile: 4rem; --p-bottom-mobile: 4rem\">\n    <div class=\"simple-content__wrapper\">\n      <div class=\"et_pb_section et_pb_section_1 et_pb_with_background et_section_regular\">\n<div class=\"et_pb_row et_pb_row_1 et_pb_gutters1\">\n<div class=\"et_pb_column et_pb_column_4_4 et_pb_column_2 et_pb_css_mix_blend_mode_passthrough et-last-child\">\n<div class=\"et_pb_module et_pb_text et_pb_text_2 et_pb_text_align_left et_pb_bg_layout_light\">\n<div class=\"et_pb_text_inner\">\n<h2 style=\"text-align: center;\">Suunniteltu kest\u00e4m\u00e4\u00e4n vaativissa teollisuusymp\u00e4rist\u00f6iss\u00e4<\/h2>\n<p>&nbsp;<\/p>\n<p>Kemaro K900 vastaa monenlaisiin tarpeisiin, mik\u00e4 tekee siit\u00e4 sopivan sek\u00e4 erityisiin ett\u00e4 monimutkaisiin teht\u00e4viin.<\/p>\n<p>&nbsp;<\/p>\n<p><strong>Valmistusyritykset ja jalostusteollisuus<\/strong><\/p>\n<p>K900 on ihanteellinen teollisuuslaitoksille, joissa sen kompakti ja kest\u00e4v\u00e4 rakenne mahdollistaa liikkumisen ahtaissa tiloissa, kuten matalien kuljetinhihnojen alla. Tuotantoa ei tarvitse pys\u00e4ytt\u00e4\u00e4 robotin toimiessa\u2014se poistaa tehokkaasti p\u00f6lyn ja erilaiset roskat, kuten puupurua, lasia tai metallikappaleita, ja varmistaa puhtaat pinnat my\u00f6s kosteissa olosuhteissa.<\/p>\n<p>&nbsp;<\/p>\n<p><strong>Varastointi<\/strong><\/p>\n<p>K900 on markkinoiden ainoa autonominen puhdistusratkaisu varasto- ja palautusj\u00e4rjestelmille. Sen kevyt paino takaa, ettei sill\u00e4 ole ongelmia lattioiden painorajoitusten kanssa, ja se on varustettu eritt\u00e4in kehittyneell\u00e4 navigointialgoritmilla. Se voi kattaa jopa 40 000 m\u00b2 alueita vain muutamassa tunnissa.<\/p>\n<p>&nbsp;<\/p>\n<p><strong>Vaaralliset alueet<\/strong><\/p>\n<p>V\u00e4livarastointitilat radioaktiiviselle j\u00e4tteelle, korkean turvallisuuden siivet tai alueet, joissa on voimakkaita l\u00e4mp\u00f6tilanvaihteluita. K900 voi toimia alueilla, jotka ovat mahdollisesti vaarallisia ihmisille. Laitteisto ja ohjelmointi on suunniteltu ja rakennettu kest\u00e4m\u00e4\u00e4n lukuisia vaaroja.<\/p>\n<p>&nbsp;<\/p>\n<p><strong>Erityissovellukset<\/strong><\/p>\n<p>K900-lla on monia ja vaihtelevia erityissovelluksia, ja uusia k\u00e4ytt\u00f6tarkoituksia lis\u00e4t\u00e4\u00e4n joka p\u00e4iv\u00e4. Esimerkit, kuten pullotustehtaat ja rautatievarikot, osoittavat, ett\u00e4 K900 voi toimia my\u00f6s eritt\u00e4in likaisissa ja m\u00e4riss\u00e4 ymp\u00e4rist\u00f6iss\u00e4.<\/p>\n<\/div>\n<\/div>\n<\/div>\n<\/div>\n<\/div>\n    <\/div>\n  <\/section>\n\n\n\n<section  class=\"max--width--full\">\n  <div class=\"divider divider--primary\">\n    <hr>\n  <\/div>\n<\/section>\n\n  <section  class=\"block__wrapper block__padded simple-content max--width--smaller block__transparent \" style=\"--p-top-desktop: 8rem; --p-bottom-desktop: 4rem; --p-top-mobile: 4rem; --p-bottom-mobile: 0rem\">\n    <div class=\"simple-content__wrapper\">\n      <div style=\"width: 3840px;\" class=\"wp-video\"><video class=\"wp-video-shortcode\" id=\"video-611-1\" width=\"3840\" height=\"2160\" preload=\"metadata\" controls=\"controls\"><source type=\"video\/mp4\" src=\"https:\/\/kemaro.ee\/wp-content\/uploads\/2025\/07\/Nurgakivi-Kemaro-FI-sub-1.mp4?_=1\" \/><a href=\"https:\/\/kemaro.ee\/wp-content\/uploads\/2025\/07\/Nurgakivi-Kemaro-FI-sub-1.mp4\">https:\/\/kemaro.ee\/wp-content\/uploads\/2025\/07\/Nurgakivi-Kemaro-FI-sub-1.mp4<\/a><\/video><\/div>\n    <\/div>\n  <\/section>\n\n\n\n<section  class=\"max--width--full\">\n  <div class=\"divider divider--gray\">\n    <hr>\n  <\/div>\n<\/section>\n\n  <section  class=\"block__wrapper block__padded simple-content max--width block__transparent \" style=\"--p-top-desktop: 8rem; --p-bottom-desktop: 16rem; --p-top-mobile: 4rem; --p-bottom-mobile: 8rem\">\n    <div class=\"simple-content__wrapper\">\n      <h2 style=\"text-align: center;\" data-start=\"43\" data-end=\"138\">Investointisi turvana \u2013 3 vuoden tai 5 000 tunnin takuu<\/h2>\n<p data-start=\"140\" data-end=\"315\"><a href=\"https:\/\/www.kemaro.ch\/\" target=\"_blank\" rel=\"noopener\">KEMARO AG<\/a> seisoo lupaustensa takana \u2013 valitsemalla KEMAROn valitset sveitsil\u00e4isen insin\u00f6\u00f6rilaadun, luotettavuuden ja tarkkuuden. KEMARO K900 -robotti on suunniteltu kest\u00e4m\u00e4\u00e4n.<\/p>\n<p data-start=\"317\" data-end=\"413\">Uusi takuuehto astuu voimaan v\u00e4litt\u00f6m\u00e4sti ja koskee my\u00f6s taannehtivasti kaikkia GEN II -malleja:<\/p>\n<ul data-start=\"415\" data-end=\"667\">\n<li data-start=\"415\" data-end=\"482\">\n<p data-start=\"417\" data-end=\"482\">Takuu kattaa kaikki komponentit, lukuun ottamatta kuluvia osia.<\/p>\n<\/li>\n<li data-start=\"483\" data-end=\"571\">\n<p data-start=\"485\" data-end=\"571\">Takuu on voimassa, jos huollon suorittaa KEMARO tai KEMAROn virallinen j\u00e4lleenmyyj\u00e4.<\/p>\n<\/li>\n<li data-start=\"572\" data-end=\"667\">\n<p data-start=\"574\" data-end=\"667\">Takuu on voimassa 3 vuotta tai enint\u00e4\u00e4n 5 000 k\u00e4ytt\u00f6tuntia \u2013 sen mukaan, kumpi t\u00e4yttyy ensin.<\/p>\n<\/li>\n<\/ul>\n    <\/div>\n  <\/section>\n","protected":false},"excerpt":{"rendered":"","protected":false},"author":1,"featured_media":0,"parent":0,"menu_order":0,"comment_status":"closed","ping_status":"closed","template":"","meta":{"_acf_changed":false,"footnotes":""},"class_list":["post-611","page","type-page","status-publish","hentry"],"acf":[],"yoast_head":"<!-- This site is optimized with the Yoast SEO plugin v24.6 - https:\/\/yoast.com\/wordpress\/plugins\/seo\/ -->\n<title>Teollisuuden puhdistusrobotti Kemaro K900 \u2013 nyt 3 vuoden takuulla<\/title>\n<meta name=\"description\" content=\"Tutustu Kemaro-robotteihin \u2013 tehokas teollisuuden puhdistusrobotti, joka parantaa ty\u00f6turvallisuutta ja s\u00e4\u00e4st\u00e4\u00e4 kustannuksia. Lue lis\u00e4\u00e4!\" \/>\n<meta name=\"robots\" content=\"index, follow, max-snippet:-1, max-image-preview:large, max-video-preview:-1\" \/>\n<link rel=\"canonical\" href=\"https:\/\/kemaro.ee\/fi\/\" \/>\n<meta property=\"og:locale\" content=\"fi_FI\" \/>\n<meta property=\"og:type\" content=\"article\" \/>\n<meta property=\"og:title\" content=\"Teollisuuden puhdistusrobotti Kemaro K900 \u2013 nyt 3 vuoden takuulla\" \/>\n<meta property=\"og:description\" content=\"Tutustu Kemaro-robotteihin \u2013 tehokas teollisuuden puhdistusrobotti, joka parantaa ty\u00f6turvallisuutta ja s\u00e4\u00e4st\u00e4\u00e4 kustannuksia. Lue lis\u00e4\u00e4!\" \/>\n<meta property=\"og:url\" content=\"https:\/\/kemaro.ee\/fi\/\" \/>\n<meta property=\"og:site_name\" content=\"Kemaro\" \/>\n<meta property=\"article:modified_time\" content=\"2026-02-27T09:17:11+00:00\" \/>\n<meta name=\"twitter:card\" content=\"summary_large_image\" \/>\n<meta name=\"twitter:label1\" content=\"Arvioitu lukuaika\" \/>\n\t<meta name=\"twitter:data1\" content=\"3 minuuttia\" \/>\n<script type=\"application\/ld+json\" class=\"yoast-schema-graph\">{\"@context\":\"https:\/\/schema.org\",\"@graph\":[{\"@type\":\"WebPage\",\"@id\":\"https:\/\/kemaro.ee\/fi\/\",\"url\":\"https:\/\/kemaro.ee\/fi\/\",\"name\":\"Teollisuuden puhdistusrobotti Kemaro K900 \u2013 nyt 3 vuoden takuulla\",\"isPartOf\":{\"@id\":\"https:\/\/kemaro.ee\/fi\/#website\"},\"datePublished\":\"2025-02-04T08:19:51+00:00\",\"dateModified\":\"2026-02-27T09:17:11+00:00\",\"description\":\"Tutustu Kemaro-robotteihin \u2013 tehokas teollisuuden puhdistusrobotti, joka parantaa ty\u00f6turvallisuutta ja s\u00e4\u00e4st\u00e4\u00e4 kustannuksia. Lue lis\u00e4\u00e4!\",\"breadcrumb\":{\"@id\":\"https:\/\/kemaro.ee\/fi\/#breadcrumb\"},\"inLanguage\":\"fi\",\"potentialAction\":[{\"@type\":\"ReadAction\",\"target\":[\"https:\/\/kemaro.ee\/fi\/\"]}]},{\"@type\":\"BreadcrumbList\",\"@id\":\"https:\/\/kemaro.ee\/fi\/#breadcrumb\",\"itemListElement\":[{\"@type\":\"ListItem\",\"position\":1,\"name\":\"Kotisivu\",\"item\":\"https:\/\/kemaro.ee\/fi\/\"},{\"@type\":\"ListItem\",\"position\":2,\"name\":\"Kotisivu\"}]},{\"@type\":\"WebSite\",\"@id\":\"https:\/\/kemaro.ee\/fi\/#website\",\"url\":\"https:\/\/kemaro.ee\/fi\/\",\"name\":\"Kemaro puhastusrobotid\",\"description\":\"Kemaro puhastusrobotid pakuvad innovaatilisi lahendusi mitmesuguste pindade ja vajaduste jaoks.\",\"alternateName\":\"Autonoomne koristusrobot t\u00f6\u00f6stusele\",\"potentialAction\":[{\"@type\":\"SearchAction\",\"target\":{\"@type\":\"EntryPoint\",\"urlTemplate\":\"https:\/\/kemaro.ee\/fi\/?s={search_term_string}\"},\"query-input\":{\"@type\":\"PropertyValueSpecification\",\"valueRequired\":true,\"valueName\":\"search_term_string\"}}],\"inLanguage\":\"fi\"}]}<\/script>\n<!-- \/ Yoast SEO plugin. -->","yoast_head_json":{"title":"Teollisuuden puhdistusrobotti Kemaro K900 \u2013 nyt 3 vuoden takuulla","description":"Tutustu Kemaro-robotteihin \u2013 tehokas teollisuuden puhdistusrobotti, joka parantaa ty\u00f6turvallisuutta ja s\u00e4\u00e4st\u00e4\u00e4 kustannuksia. Lue lis\u00e4\u00e4!","robots":{"index":"index","follow":"follow","max-snippet":"max-snippet:-1","max-image-preview":"max-image-preview:large","max-video-preview":"max-video-preview:-1"},"canonical":"https:\/\/kemaro.ee\/fi\/","og_locale":"fi_FI","og_type":"article","og_title":"Teollisuuden puhdistusrobotti Kemaro K900 \u2013 nyt 3 vuoden takuulla","og_description":"Tutustu Kemaro-robotteihin \u2013 tehokas teollisuuden puhdistusrobotti, joka parantaa ty\u00f6turvallisuutta ja s\u00e4\u00e4st\u00e4\u00e4 kustannuksia. Lue lis\u00e4\u00e4!","og_url":"https:\/\/kemaro.ee\/fi\/","og_site_name":"Kemaro","article_modified_time":"2026-02-27T09:17:11+00:00","twitter_card":"summary_large_image","twitter_misc":{"Arvioitu lukuaika":"3 minuuttia"},"schema":{"@context":"https:\/\/schema.org","@graph":[{"@type":"WebPage","@id":"https:\/\/kemaro.ee\/fi\/","url":"https:\/\/kemaro.ee\/fi\/","name":"Teollisuuden puhdistusrobotti Kemaro K900 \u2013 nyt 3 vuoden takuulla","isPartOf":{"@id":"https:\/\/kemaro.ee\/fi\/#website"},"datePublished":"2025-02-04T08:19:51+00:00","dateModified":"2026-02-27T09:17:11+00:00","description":"Tutustu Kemaro-robotteihin \u2013 tehokas teollisuuden puhdistusrobotti, joka parantaa ty\u00f6turvallisuutta ja s\u00e4\u00e4st\u00e4\u00e4 kustannuksia. Lue lis\u00e4\u00e4!","breadcrumb":{"@id":"https:\/\/kemaro.ee\/fi\/#breadcrumb"},"inLanguage":"fi","potentialAction":[{"@type":"ReadAction","target":["https:\/\/kemaro.ee\/fi\/"]}]},{"@type":"BreadcrumbList","@id":"https:\/\/kemaro.ee\/fi\/#breadcrumb","itemListElement":[{"@type":"ListItem","position":1,"name":"Kotisivu","item":"https:\/\/kemaro.ee\/fi\/"},{"@type":"ListItem","position":2,"name":"Kotisivu"}]},{"@type":"WebSite","@id":"https:\/\/kemaro.ee\/fi\/#website","url":"https:\/\/kemaro.ee\/fi\/","name":"Kemaro puhastusrobotid","description":"Kemaro puhastusrobotid pakuvad innovaatilisi lahendusi mitmesuguste pindade ja vajaduste jaoks.","alternateName":"Autonoomne koristusrobot t\u00f6\u00f6stusele","potentialAction":[{"@type":"SearchAction","target":{"@type":"EntryPoint","urlTemplate":"https:\/\/kemaro.ee\/fi\/?s={search_term_string}"},"query-input":{"@type":"PropertyValueSpecification","valueRequired":true,"valueName":"search_term_string"}}],"inLanguage":"fi"}]}},"_links":{"self":[{"href":"https:\/\/kemaro.ee\/fi\/wp-json\/wp\/v2\/pages\/611","targetHints":{"allow":["GET"]}}],"collection":[{"href":"https:\/\/kemaro.ee\/fi\/wp-json\/wp\/v2\/pages"}],"about":[{"href":"https:\/\/kemaro.ee\/fi\/wp-json\/wp\/v2\/types\/page"}],"author":[{"embeddable":true,"href":"https:\/\/kemaro.ee\/fi\/wp-json\/wp\/v2\/users\/1"}],"replies":[{"embeddable":true,"href":"https:\/\/kemaro.ee\/fi\/wp-json\/wp\/v2\/comments?post=611"}],"version-history":[{"count":27,"href":"https:\/\/kemaro.ee\/fi\/wp-json\/wp\/v2\/pages\/611\/revisions"}],"predecessor-version":[{"id":1527,"href":"https:\/\/kemaro.ee\/fi\/wp-json\/wp\/v2\/pages\/611\/revisions\/1527"}],"wp:attachment":[{"href":"https:\/\/kemaro.ee\/fi\/wp-json\/wp\/v2\/media?parent=611"}],"curies":[{"name":"wp","href":"https:\/\/api.w.org\/{rel}","templated":true}]}}