{"id":595,"date":"2025-02-05T14:51:21","date_gmt":"2025-02-05T14:51:21","guid":{"rendered":"https:\/\/kemaro.ee\/kasutusjuhud\/"},"modified":"2025-05-23T11:43:26","modified_gmt":"2025-05-23T11:43:26","slug":"kayttotapaukset","status":"publish","type":"page","link":"https:\/\/kemaro.ee\/fi\/kayttotapaukset\/","title":{"rendered":"K\u00e4ytt\u00f6tapaukset"},"content":{"rendered":"  <div class=\"block__transparent\">\n  <section  class=\"block__wrapper block__padded info max--width block__transparent \" style=\"--p-top-desktop: 0rem; --p-bottom-desktop: 8rem; --p-top-mobile: 0rem; --p-bottom-mobile: 4rem\">\n    <div class=\"info__wrapper info__wrapper--no-image\">\n      \n              <div class=\"info__content\">\n                      <h2>K900 &#8211; Monipuolinen<\/h2>\n          \n                      <p class=\"info__description\">Oikea ratkaisu jokaiseen k\u00e4ytt\u00f6tarkoitukseen<\/p>\n          \n          \n        <\/div>\n          <\/div>\n  <\/section>\n\n  <\/div>\n\n\n  <div class=\"block__light-gray\">\n  <section  class=\"block__wrapper block__padded column-content max--width block__light-gray \" style=\"--p-top-desktop: 4rem; --p-bottom-desktop: 4rem; --p-top-mobile: 4rem; --p-bottom-mobile: 4rem\">\n    <div class=\"column-content__wrapper  \">\n      <div class=\"column-content__first\">\n                  <h2>Varastointi<\/h2>\n<div class=\"flex max-w-full flex-col flex-grow\">\n<div class=\"min-h-8 text-message relative flex w-full flex-col items-end gap-2 whitespace-normal break-words text-start [.text-message+&amp;]:mt-5\" dir=\"auto\" data-message-author-role=\"assistant\" data-message-id=\"045fedc5-f83b-4b5e-917d-23fc717e3c1d\" data-message-model-slug=\"gpt-4o-mini\">\n<div class=\"flex w-full flex-col gap-1 empty:hidden first:pt-[3px]\">\n<div class=\"markdown prose w-full break-words dark:prose-invert dark\">\n<p data-start=\"17\" data-end=\"279\" data-is-last-node=\"\" data-is-only-node=\"\">K900 on suunniteltu puhdistamaan suuria alueita lyhyess\u00e4 ajassa. Siksi se on optimoitu k\u00e4ytett\u00e4v\u00e4ksi varastoissa. Alhaisen korkeusprofiilinsa ansiosta puhdistusrobotti puhdistaa my\u00f6s varastohyllyjen alta, alueilta, joissa manuaalinen puhdistus on muuten vaikeaa.<\/p>\n<\/div>\n<\/div>\n<\/div>\n<\/div>\n\n          \n              <\/div>\n\n      <div class=\"column-content__second\">\n                  <img decoding=\"async\" width=\"1024\" height=\"384\" src=\"https:\/\/kemaro.ee\/wp-content\/uploads\/2025\/02\/Hawle_klein-2.jpg\" class=\"attachment-large size-large\" alt=\"\" \/>              <\/div>\n\n    <\/div>\n  <\/section>\n\n<\/div>\n\n\n\n  <div class=\"block__transparent\">\n  <section  class=\"block__wrapper block__padded column-content max--width block__transparent \" style=\"--p-top-desktop: 4rem; --p-bottom-desktop: 4rem; --p-top-mobile: 4rem; --p-bottom-mobile: 4rem\">\n    <div class=\"column-content__wrapper  column-content__wrapper--reversed\">\n      <div class=\"column-content__first\">\n                  <h2>Tuotanto<\/h2>\n<div class=\"flex max-w-full flex-col flex-grow\">\n<div class=\"min-h-8 text-message relative flex w-full flex-col items-end gap-2 whitespace-normal break-words text-start [.text-message+&amp;]:mt-5\" dir=\"auto\" data-message-author-role=\"assistant\" data-message-id=\"b2fc90f1-3fa0-4a50-8ecc-d16874b46423\" data-message-model-slug=\"gpt-4o-mini\">\n<div class=\"flex w-full flex-col gap-1 empty:hidden first:pt-[3px]\">\n<div class=\"markdown prose w-full break-words dark:prose-invert dark\">\n<p data-start=\"14\" data-end=\"272\" data-is-last-node=\"\" data-is-only-node=\"\">Olipa kyseess\u00e4 koneet, materiaalit tai pakkaukset, n\u00e4m\u00e4 kaikki tuottavat huomattavaa likaa, joka p\u00e4\u00e4tyy tuotteisiin tai laitteisiin. 35 litran s\u00e4ili\u00f6kapasiteetillaan ja viiden tunnin akunkestollaan K900 on ihanteellinen puhdistusratkaisu valmistustoimintaan.<\/p>\n<\/div>\n<\/div>\n<\/div>\n<\/div>\n\n          \n              <\/div>\n\n      <div class=\"column-content__second\">\n                  <img decoding=\"async\" width=\"1024\" height=\"683\" src=\"https:\/\/kemaro.ee\/wp-content\/uploads\/2025\/02\/20201119-Kemaro-43.jpg\" class=\"attachment-large size-large\" alt=\"\" \/>              <\/div>\n\n    <\/div>\n  <\/section>\n\n<\/div>\n\n\n\n  <div class=\"block__light-gray\">\n  <section  class=\"block__wrapper block__padded column-content max--width block__light-gray \" style=\"--p-top-desktop: 4rem; --p-bottom-desktop: 4rem; --p-top-mobile: 4rem; --p-bottom-mobile: 4rem\">\n    <div class=\"column-content__wrapper  \">\n      <div class=\"column-content__first\">\n                  <h2>Erityissovellukset<\/h2>\n<div class=\"flex max-w-full flex-col flex-grow\">\n<div class=\"min-h-8 text-message relative flex w-full flex-col items-end gap-2 whitespace-normal break-words text-start [.text-message+&amp;]:mt-5\" dir=\"auto\" data-message-author-role=\"assistant\" data-message-id=\"9d484e9f-4ca0-4e78-bc70-de91295ca9f4\" data-message-model-slug=\"gpt-4o-mini\">\n<div class=\"flex w-full flex-col gap-1 empty:hidden first:pt-[3px]\">\n<div class=\"markdown prose w-full break-words dark:prose-invert dark\">\n<p data-start=\"24\" data-end=\"262\" data-is-last-node=\"\" data-is-only-node=\"\">K900-lla on monia ja vaihtelevia erityissovelluksia, ja uusia k\u00e4ytt\u00f6tarkoituksia lis\u00e4t\u00e4\u00e4n joka p\u00e4iv\u00e4. Esimerkit, kuten pullotustehtaat ja rautatievarikot, osoittavat, ett\u00e4 K900 voi toimia my\u00f6s eritt\u00e4in likaisissa ja m\u00e4riss\u00e4 ymp\u00e4rist\u00f6iss\u00e4.<\/p>\n<\/div>\n<\/div>\n<\/div>\n<\/div>\n\n          \n              <\/div>\n\n      <div class=\"column-content__second\">\n                  <img decoding=\"async\" width=\"1024\" height=\"384\" src=\"https:\/\/kemaro.ee\/wp-content\/uploads\/2025\/02\/Flaschenabfullung_klein.jpg\" class=\"attachment-large size-large\" alt=\"\" \/>              <\/div>\n\n    <\/div>\n  <\/section>\n\n<\/div>\n\n\n\n  <div class=\"block__transparent\">\n  <section  class=\"block__wrapper block__padded column-content max--width block__transparent \" style=\"--p-top-desktop: 4rem; --p-bottom-desktop: 16rem; --p-top-mobile: 4rem; --p-bottom-mobile: 8rem\">\n    <div class=\"column-content__wrapper  column-content__wrapper--reversed\">\n      <div class=\"column-content__first\">\n                  <h2 data-start=\"0\" data-end=\"22\">Vaaralliset alueet<\/h2>\n<div class=\"flex max-w-full flex-col flex-grow\">\n<div class=\"min-h-8 text-message relative flex w-full flex-col items-end gap-2 whitespace-normal break-words text-start [.text-message+&amp;]:mt-5\" dir=\"auto\" data-message-author-role=\"assistant\" data-message-id=\"701b48b9-0c17-4f86-bf1a-b3d80b155e8d\" data-message-model-slug=\"gpt-4o-mini\">\n<div class=\"flex w-full flex-col gap-1 empty:hidden first:pt-[3px]\">\n<div class=\"markdown prose w-full break-words dark:prose-invert dark\">\n<p data-start=\"24\" data-end=\"317\" data-is-last-node=\"\" data-is-only-node=\"\">V\u00e4livarastointitilat radioaktiiviselle j\u00e4tteelle, korkean turvallisuuden siivet tai alueet, joissa on voimakkaita l\u00e4mp\u00f6tilanvaihteluita. K900 voi toimia alueilla, jotka ovat mahdollisesti vaarallisia ihmisille. Laitteisto ja ohjelmointi on suunniteltu ja rakennettu kest\u00e4m\u00e4\u00e4n lukuisia vaaroja.<\/p>\n<\/div>\n<\/div>\n<\/div>\n<\/div>\n\n          \n              <\/div>\n\n      <div class=\"column-content__second\">\n                  <img decoding=\"async\" width=\"1024\" height=\"680\" src=\"https:\/\/kemaro.ee\/wp-content\/uploads\/2025\/02\/High-securty-track._klein-scaled-1.jpg\" class=\"attachment-large size-large\" alt=\"\" \/>              <\/div>\n\n    <\/div>\n  <\/section>\n\n<\/div>\n","protected":false},"excerpt":{"rendered":"","protected":false},"author":1,"featured_media":0,"parent":0,"menu_order":0,"comment_status":"closed","ping_status":"closed","template":"","meta":{"_acf_changed":false,"footnotes":""},"class_list":["post-595","page","type-page","status-publish","hentry"],"acf":[],"yoast_head":"<!-- This site is optimized with the Yoast SEO plugin v24.6 - https:\/\/yoast.com\/wordpress\/plugins\/seo\/ -->\n<title>K\u00e4ytt\u00f6tapaukset - Kemaro<\/title>\n<meta name=\"robots\" content=\"index, follow, max-snippet:-1, max-image-preview:large, max-video-preview:-1\" \/>\n<link rel=\"canonical\" href=\"https:\/\/kemaro.ee\/fi\/kayttotapaukset\/\" \/>\n<meta property=\"og:locale\" content=\"fi_FI\" \/>\n<meta property=\"og:type\" content=\"article\" \/>\n<meta property=\"og:title\" content=\"K\u00e4ytt\u00f6tapaukset - Kemaro\" \/>\n<meta property=\"og:url\" content=\"https:\/\/kemaro.ee\/fi\/kayttotapaukset\/\" \/>\n<meta property=\"og:site_name\" content=\"Kemaro\" \/>\n<meta property=\"article:modified_time\" content=\"2025-05-23T11:43:26+00:00\" \/>\n<meta name=\"twitter:card\" content=\"summary_large_image\" \/>\n<meta name=\"twitter:label1\" content=\"Arvioitu lukuaika\" \/>\n\t<meta name=\"twitter:data1\" content=\"2 minuuttia\" \/>\n<script type=\"application\/ld+json\" class=\"yoast-schema-graph\">{\"@context\":\"https:\/\/schema.org\",\"@graph\":[{\"@type\":\"WebPage\",\"@id\":\"https:\/\/kemaro.ee\/fi\/kayttotapaukset\/\",\"url\":\"https:\/\/kemaro.ee\/fi\/kayttotapaukset\/\",\"name\":\"K\u00e4ytt\u00f6tapaukset - Kemaro\",\"isPartOf\":{\"@id\":\"https:\/\/kemaro.ee\/fi\/#website\"},\"datePublished\":\"2025-02-05T14:51:21+00:00\",\"dateModified\":\"2025-05-23T11:43:26+00:00\",\"breadcrumb\":{\"@id\":\"https:\/\/kemaro.ee\/fi\/kayttotapaukset\/#breadcrumb\"},\"inLanguage\":\"fi\",\"potentialAction\":[{\"@type\":\"ReadAction\",\"target\":[\"https:\/\/kemaro.ee\/fi\/kayttotapaukset\/\"]}]},{\"@type\":\"BreadcrumbList\",\"@id\":\"https:\/\/kemaro.ee\/fi\/kayttotapaukset\/#breadcrumb\",\"itemListElement\":[{\"@type\":\"ListItem\",\"position\":1,\"name\":\"Kotisivu\",\"item\":\"https:\/\/kemaro.ee\/fi\/\"},{\"@type\":\"ListItem\",\"position\":2,\"name\":\"K\u00e4ytt\u00f6tapaukset\"}]},{\"@type\":\"WebSite\",\"@id\":\"https:\/\/kemaro.ee\/fi\/#website\",\"url\":\"https:\/\/kemaro.ee\/fi\/\",\"name\":\"Kemaro puhastusrobotid\",\"description\":\"Kemaro puhastusrobotid pakuvad innovaatilisi lahendusi mitmesuguste pindade ja vajaduste jaoks.\",\"alternateName\":\"Autonoomne koristusrobot t\u00f6\u00f6stusele\",\"potentialAction\":[{\"@type\":\"SearchAction\",\"target\":{\"@type\":\"EntryPoint\",\"urlTemplate\":\"https:\/\/kemaro.ee\/fi\/?s={search_term_string}\"},\"query-input\":{\"@type\":\"PropertyValueSpecification\",\"valueRequired\":true,\"valueName\":\"search_term_string\"}}],\"inLanguage\":\"fi\"}]}<\/script>\n<!-- \/ Yoast SEO plugin. -->","yoast_head_json":{"title":"K\u00e4ytt\u00f6tapaukset - Kemaro","robots":{"index":"index","follow":"follow","max-snippet":"max-snippet:-1","max-image-preview":"max-image-preview:large","max-video-preview":"max-video-preview:-1"},"canonical":"https:\/\/kemaro.ee\/fi\/kayttotapaukset\/","og_locale":"fi_FI","og_type":"article","og_title":"K\u00e4ytt\u00f6tapaukset - Kemaro","og_url":"https:\/\/kemaro.ee\/fi\/kayttotapaukset\/","og_site_name":"Kemaro","article_modified_time":"2025-05-23T11:43:26+00:00","twitter_card":"summary_large_image","twitter_misc":{"Arvioitu lukuaika":"2 minuuttia"},"schema":{"@context":"https:\/\/schema.org","@graph":[{"@type":"WebPage","@id":"https:\/\/kemaro.ee\/fi\/kayttotapaukset\/","url":"https:\/\/kemaro.ee\/fi\/kayttotapaukset\/","name":"K\u00e4ytt\u00f6tapaukset - Kemaro","isPartOf":{"@id":"https:\/\/kemaro.ee\/fi\/#website"},"datePublished":"2025-02-05T14:51:21+00:00","dateModified":"2025-05-23T11:43:26+00:00","breadcrumb":{"@id":"https:\/\/kemaro.ee\/fi\/kayttotapaukset\/#breadcrumb"},"inLanguage":"fi","potentialAction":[{"@type":"ReadAction","target":["https:\/\/kemaro.ee\/fi\/kayttotapaukset\/"]}]},{"@type":"BreadcrumbList","@id":"https:\/\/kemaro.ee\/fi\/kayttotapaukset\/#breadcrumb","itemListElement":[{"@type":"ListItem","position":1,"name":"Kotisivu","item":"https:\/\/kemaro.ee\/fi\/"},{"@type":"ListItem","position":2,"name":"K\u00e4ytt\u00f6tapaukset"}]},{"@type":"WebSite","@id":"https:\/\/kemaro.ee\/fi\/#website","url":"https:\/\/kemaro.ee\/fi\/","name":"Kemaro puhastusrobotid","description":"Kemaro puhastusrobotid pakuvad innovaatilisi lahendusi mitmesuguste pindade ja vajaduste jaoks.","alternateName":"Autonoomne koristusrobot t\u00f6\u00f6stusele","potentialAction":[{"@type":"SearchAction","target":{"@type":"EntryPoint","urlTemplate":"https:\/\/kemaro.ee\/fi\/?s={search_term_string}"},"query-input":{"@type":"PropertyValueSpecification","valueRequired":true,"valueName":"search_term_string"}}],"inLanguage":"fi"}]}},"_links":{"self":[{"href":"https:\/\/kemaro.ee\/fi\/wp-json\/wp\/v2\/pages\/595","targetHints":{"allow":["GET"]}}],"collection":[{"href":"https:\/\/kemaro.ee\/fi\/wp-json\/wp\/v2\/pages"}],"about":[{"href":"https:\/\/kemaro.ee\/fi\/wp-json\/wp\/v2\/types\/page"}],"author":[{"embeddable":true,"href":"https:\/\/kemaro.ee\/fi\/wp-json\/wp\/v2\/users\/1"}],"replies":[{"embeddable":true,"href":"https:\/\/kemaro.ee\/fi\/wp-json\/wp\/v2\/comments?post=595"}],"version-history":[{"count":4,"href":"https:\/\/kemaro.ee\/fi\/wp-json\/wp\/v2\/pages\/595\/revisions"}],"predecessor-version":[{"id":836,"href":"https:\/\/kemaro.ee\/fi\/wp-json\/wp\/v2\/pages\/595\/revisions\/836"}],"wp:attachment":[{"href":"https:\/\/kemaro.ee\/fi\/wp-json\/wp\/v2\/media?parent=595"}],"curies":[{"name":"wp","href":"https:\/\/api.w.org\/{rel}","templated":true}]}}