{"id":1240,"date":"2025-10-07T13:35:21","date_gmt":"2025-10-07T13:35:21","guid":{"rendered":"https:\/\/kemaro.ee\/?page_id=1240"},"modified":"2025-10-13T11:00:07","modified_gmt":"2025-10-13T11:00:07","slug":"autonominen-siivousrobotti-kemaro-k900-videokirjasto","status":"publish","type":"page","link":"https:\/\/kemaro.ee\/fi\/autonominen-siivousrobotti-kemaro-k900-videokirjasto\/","title":{"rendered":"Autonominen siivousrobotti Kemaro K900 \u2013 videokirjasto"},"content":{"rendered":"\n  <div class=\"block__transparent\">\n  <section  class=\"block__wrapper block__padded column-content max--width block__transparent \" >\n    <div class=\"column-content__wrapper  \">\n      <div class=\"column-content__first\">\n                  <h3><strong> Teollisuusk\u00e4ytt\u00f6\u00f6n suunniteltu \u2013 \u00e4lyk\u00e4s, kest\u00e4v\u00e4 ja autonominen<\/strong><\/h3>\n<p><iframe loading=\"lazy\" title=\"Built for Industry \u2013 Smart, Tough, Connected. KEMARO K900\" width=\"500\" height=\"281\" src=\"https:\/\/www.youtube.com\/embed\/0oABzAGJ8Jk?feature=oembed\" frameborder=\"0\" allow=\"accelerometer; autoplay; clipboard-write; encrypted-media; gyroscope; picture-in-picture; web-share\" referrerpolicy=\"strict-origin-when-cross-origin\" allowfullscreen><\/iframe><\/p>\n<p>&nbsp;<\/p>\n\n          \n              <\/div>\n\n      <div class=\"column-content__second\">\n                  <h3 data-start=\"0\" data-end=\"49\"><strong>Puulastut? Ei ongelmaa K900 Gen II -robotille!<\/strong><\/h3>\n<p><span style=\"color: transparent;\">.<\/span><br \/>\n<iframe loading=\"lazy\" title=\"Wood shavings? No problem for the K900 Gen II!\" width=\"500\" height=\"281\" src=\"https:\/\/www.youtube.com\/embed\/32gZve32yxU?feature=oembed\" frameborder=\"0\" allow=\"accelerometer; autoplay; clipboard-write; encrypted-media; gyroscope; picture-in-picture; web-share\" referrerpolicy=\"strict-origin-when-cross-origin\" allowfullscreen><\/iframe><\/p>\n<p>&nbsp;<\/p>\n          \n              <\/div>\n\n    <\/div>\n  <\/section>\n\n<\/div>\n\n\n\n  <div class=\"block__transparent\">\n  <section  class=\"block__wrapper block__padded column-content max--width block__transparent \" style=\"--p-top-desktop: 3rem; --p-bottom-desktop: 0rem; --p-top-mobile: 1rem; --p-bottom-mobile: 0rem\">\n    <div class=\"column-content__wrapper  \">\n      <div class=\"column-content__first\">\n                  <h3><\/h3>\n<h3><strong>K900 \u2013 nopea asennus, jatkuva toiminta: autonominen siivousratkaisu<\/strong><\/h3>\n<p><iframe loading=\"lazy\" title=\"K900 - Fast Setup, Continuous Operation: Autonomous Cleaning Solutions - UTZ\" width=\"500\" height=\"281\" src=\"https:\/\/www.youtube.com\/embed\/vt9BAJgKCso?feature=oembed\" frameborder=\"0\" allow=\"accelerometer; autoplay; clipboard-write; encrypted-media; gyroscope; picture-in-picture; web-share\" referrerpolicy=\"strict-origin-when-cross-origin\" allowfullscreen><\/iframe><\/p>\n<p>&nbsp;<\/p>\n\n          \n              <\/div>\n\n      <div class=\"column-content__second\">\n                  <h3><\/h3>\n<h3><strong>KEMARO AG ja Camion Transport \u2013 asiakastarina<\/strong><\/h3>\n<p><span style=\"color: transparent;\">.<\/span><br \/>\n<iframe loading=\"lazy\" title=\"KEMARO AG Camion Transport Testimonial\" width=\"500\" height=\"281\" src=\"https:\/\/www.youtube.com\/embed\/dmUCBZUMqu4?feature=oembed\" frameborder=\"0\" allow=\"accelerometer; autoplay; clipboard-write; encrypted-media; gyroscope; picture-in-picture; web-share\" referrerpolicy=\"strict-origin-when-cross-origin\" allowfullscreen><\/iframe><\/p>\n<p>&nbsp;<\/p>\n          \n              <\/div>\n\n    <\/div>\n  <\/section>\n\n<\/div>\n\n\n\n  <div class=\"block__transparent\">\n  <section  class=\"block__wrapper block__padded column-content max--width block__transparent \" style=\"--p-top-desktop: 3rem; --p-bottom-desktop: 0rem; --p-top-mobile: 1rem; --p-bottom-mobile: 0rem\">\n    <div class=\"column-content__wrapper  \">\n      <div class=\"column-content__first\">\n                  <h3><strong>Puhtaat tilat, puhtaampi ilma!<\/strong><\/h3>\n<p><span style=\"color: transparent;\">.<\/span><br \/>\n<iframe loading=\"lazy\" title=\"Clean Halls, Cleaner Air \u2013 at Erhardt+Leimer GmbH\" width=\"500\" height=\"281\" src=\"https:\/\/www.youtube.com\/embed\/j6-S7ife_sU?feature=oembed\" frameborder=\"0\" allow=\"accelerometer; autoplay; clipboard-write; encrypted-media; gyroscope; picture-in-picture; web-share\" referrerpolicy=\"strict-origin-when-cross-origin\" allowfullscreen><\/iframe><\/p>\n\n          \n              <\/div>\n\n      <div class=\"column-content__second\">\n                  <h3><strong>Teollisuuden siivousrobotti ahtaisiin varastoihin ja tuotantotiloihin<\/strong><\/h3>\n<p><iframe loading=\"lazy\" title=\"Industrial Sweeper | The perfect integration for any AGV Warehouse | KEMARO K900\" width=\"500\" height=\"281\" src=\"https:\/\/www.youtube.com\/embed\/fJb06o3VqYI?feature=oembed\" frameborder=\"0\" allow=\"accelerometer; autoplay; clipboard-write; encrypted-media; gyroscope; picture-in-picture; web-share\" referrerpolicy=\"strict-origin-when-cross-origin\" allowfullscreen><\/iframe><\/p>\n          \n              <\/div>\n\n    <\/div>\n  <\/section>\n\n<\/div>\n\n\n\n  <div class=\"block__transparent\">\n  <section  class=\"block__wrapper block__padded column-content vordne-korgus max--width block__transparent \" style=\"--p-top-desktop: 10rem; --p-bottom-desktop: 0rem; --p-top-mobile: 1rem; --p-bottom-mobile: 0rem\">\n    <div class=\"column-content__wrapper  \">\n      <div class=\"column-content__first\">\n                  <h3><strong>Metallilastut? Kemaro K900 suoriutuu niist\u00e4 erinomaisesti.<\/strong><\/h3>\n<p><iframe loading=\"lazy\" title=\"Conquering Metal Shavings with the K900 - UNIMA\" width=\"500\" height=\"281\" src=\"https:\/\/www.youtube.com\/embed\/UKabetT3yPk?feature=oembed\" frameborder=\"0\" allow=\"accelerometer; autoplay; clipboard-write; encrypted-media; gyroscope; picture-in-picture; web-share\" referrerpolicy=\"strict-origin-when-cross-origin\" allowfullscreen><\/iframe><\/p>\n\n          \n              <\/div>\n\n      <div class=\"column-content__second\">\n                  <h3><strong>Kemaro K900 Wet Environment<\/strong><\/h3>\n<p><iframe loading=\"lazy\" title=\"Industrial Autonomous Sweeper - K900 Wet Environment\" width=\"500\" height=\"281\" src=\"https:\/\/www.youtube.com\/embed\/6RPrnOFQk2I?feature=oembed\" frameborder=\"0\" allow=\"accelerometer; autoplay; clipboard-write; encrypted-media; gyroscope; picture-in-picture; web-share\" referrerpolicy=\"strict-origin-when-cross-origin\" allowfullscreen><\/iframe><\/p>\n          \n              <\/div>\n\n    <\/div>\n  <\/section>\n\n<\/div>\n\n\n\n  <div class=\"block__transparent\">\n  <section  class=\"block__wrapper block__padded column-content vordne-korgus max--width block__transparent \" style=\"--p-top-desktop: 10rem; --p-bottom-desktop: 10rem; --p-top-mobile: 1rem; --p-bottom-mobile: 5rem\">\n    <div class=\"column-content__wrapper  \">\n      <div class=\"column-content__first\">\n                  <h3><strong>Teollisuuden siivousrobotti ahtaisiin varastoihin ja tuotantotiloihin<\/strong><\/h3>\n<p><iframe loading=\"lazy\" title=\"Industrial Robot Sweeper for Low-Clearance Warehouses and Production Facilities | KEMARO K900\" width=\"500\" height=\"375\" src=\"https:\/\/www.youtube.com\/embed\/tyvgIAW4WTQ?feature=oembed\" frameborder=\"0\" allow=\"accelerometer; autoplay; clipboard-write; encrypted-media; gyroscope; picture-in-picture; web-share\" referrerpolicy=\"strict-origin-when-cross-origin\" allowfullscreen><\/iframe><\/p>\n\n          \n              <\/div>\n\n      <div class=\"column-content__second\">\n                  <h3><strong>Autonominen siivousrobotti K900 metalliteollisuudessa<\/strong><\/h3>\n<p><iframe loading=\"lazy\" title=\"The K900 autonomous sweeper - Metal processing plant -  SCHMOBI\" width=\"500\" height=\"281\" src=\"https:\/\/www.youtube.com\/embed\/Y_u1Aw5iBBY?feature=oembed\" frameborder=\"0\" allow=\"accelerometer; autoplay; clipboard-write; encrypted-media; gyroscope; picture-in-picture; web-share\" referrerpolicy=\"strict-origin-when-cross-origin\" allowfullscreen><\/iframe><\/p>\n          \n              <\/div>\n\n    <\/div>\n  <\/section>\n\n<\/div>\n","protected":false},"excerpt":{"rendered":"","protected":false},"author":2,"featured_media":0,"parent":0,"menu_order":0,"comment_status":"closed","ping_status":"closed","template":"","meta":{"_acf_changed":false,"footnotes":""},"class_list":["post-1240","page","type-page","status-publish","hentry"],"acf":[],"yoast_head":"<!-- This site is optimized with the Yoast SEO plugin v24.6 - https:\/\/yoast.com\/wordpress\/plugins\/seo\/ -->\n<title>Autonominen siivousrobotti Kemaro K900 \u2013 videokirjasto - Kemaro<\/title>\n<meta name=\"robots\" content=\"index, follow, max-snippet:-1, max-image-preview:large, max-video-preview:-1\" \/>\n<link rel=\"canonical\" href=\"https:\/\/kemaro.ee\/fi\/autonominen-siivousrobotti-kemaro-k900-videokirjasto\/\" \/>\n<meta property=\"og:locale\" content=\"fi_FI\" \/>\n<meta property=\"og:type\" content=\"article\" \/>\n<meta property=\"og:title\" content=\"Autonominen siivousrobotti Kemaro K900 \u2013 videokirjasto - Kemaro\" \/>\n<meta property=\"og:url\" content=\"https:\/\/kemaro.ee\/fi\/autonominen-siivousrobotti-kemaro-k900-videokirjasto\/\" \/>\n<meta property=\"og:site_name\" content=\"Kemaro\" \/>\n<meta property=\"article:modified_time\" content=\"2025-10-13T11:00:07+00:00\" \/>\n<meta name=\"twitter:card\" content=\"summary_large_image\" \/>\n<meta name=\"twitter:label1\" content=\"Arvioitu lukuaika\" \/>\n\t<meta name=\"twitter:data1\" content=\"1 minuutti\" \/>\n<script type=\"application\/ld+json\" class=\"yoast-schema-graph\">{\"@context\":\"https:\/\/schema.org\",\"@graph\":[{\"@type\":\"WebPage\",\"@id\":\"https:\/\/kemaro.ee\/fi\/autonominen-siivousrobotti-kemaro-k900-videokirjasto\/\",\"url\":\"https:\/\/kemaro.ee\/fi\/autonominen-siivousrobotti-kemaro-k900-videokirjasto\/\",\"name\":\"Autonominen siivousrobotti Kemaro K900 \u2013 videokirjasto - Kemaro\",\"isPartOf\":{\"@id\":\"https:\/\/kemaro.ee\/fi\/#website\"},\"datePublished\":\"2025-10-07T13:35:21+00:00\",\"dateModified\":\"2025-10-13T11:00:07+00:00\",\"breadcrumb\":{\"@id\":\"https:\/\/kemaro.ee\/fi\/autonominen-siivousrobotti-kemaro-k900-videokirjasto\/#breadcrumb\"},\"inLanguage\":\"fi\",\"potentialAction\":[{\"@type\":\"ReadAction\",\"target\":[\"https:\/\/kemaro.ee\/fi\/autonominen-siivousrobotti-kemaro-k900-videokirjasto\/\"]}]},{\"@type\":\"BreadcrumbList\",\"@id\":\"https:\/\/kemaro.ee\/fi\/autonominen-siivousrobotti-kemaro-k900-videokirjasto\/#breadcrumb\",\"itemListElement\":[{\"@type\":\"ListItem\",\"position\":1,\"name\":\"Kotisivu\",\"item\":\"https:\/\/kemaro.ee\/fi\/\"},{\"@type\":\"ListItem\",\"position\":2,\"name\":\"Autonominen siivousrobotti Kemaro K900 \u2013 videokirjasto\"}]},{\"@type\":\"WebSite\",\"@id\":\"https:\/\/kemaro.ee\/fi\/#website\",\"url\":\"https:\/\/kemaro.ee\/fi\/\",\"name\":\"Kemaro puhastusrobotid\",\"description\":\"Kemaro puhastusrobotid pakuvad innovaatilisi lahendusi mitmesuguste pindade ja vajaduste jaoks.\",\"alternateName\":\"Autonoomne koristusrobot t\u00f6\u00f6stusele\",\"potentialAction\":[{\"@type\":\"SearchAction\",\"target\":{\"@type\":\"EntryPoint\",\"urlTemplate\":\"https:\/\/kemaro.ee\/fi\/?s={search_term_string}\"},\"query-input\":{\"@type\":\"PropertyValueSpecification\",\"valueRequired\":true,\"valueName\":\"search_term_string\"}}],\"inLanguage\":\"fi\"}]}<\/script>\n<!-- \/ Yoast SEO plugin. -->","yoast_head_json":{"title":"Autonominen siivousrobotti Kemaro K900 \u2013 videokirjasto - Kemaro","robots":{"index":"index","follow":"follow","max-snippet":"max-snippet:-1","max-image-preview":"max-image-preview:large","max-video-preview":"max-video-preview:-1"},"canonical":"https:\/\/kemaro.ee\/fi\/autonominen-siivousrobotti-kemaro-k900-videokirjasto\/","og_locale":"fi_FI","og_type":"article","og_title":"Autonominen siivousrobotti Kemaro K900 \u2013 videokirjasto - Kemaro","og_url":"https:\/\/kemaro.ee\/fi\/autonominen-siivousrobotti-kemaro-k900-videokirjasto\/","og_site_name":"Kemaro","article_modified_time":"2025-10-13T11:00:07+00:00","twitter_card":"summary_large_image","twitter_misc":{"Arvioitu lukuaika":"1 minuutti"},"schema":{"@context":"https:\/\/schema.org","@graph":[{"@type":"WebPage","@id":"https:\/\/kemaro.ee\/fi\/autonominen-siivousrobotti-kemaro-k900-videokirjasto\/","url":"https:\/\/kemaro.ee\/fi\/autonominen-siivousrobotti-kemaro-k900-videokirjasto\/","name":"Autonominen siivousrobotti Kemaro K900 \u2013 videokirjasto - Kemaro","isPartOf":{"@id":"https:\/\/kemaro.ee\/fi\/#website"},"datePublished":"2025-10-07T13:35:21+00:00","dateModified":"2025-10-13T11:00:07+00:00","breadcrumb":{"@id":"https:\/\/kemaro.ee\/fi\/autonominen-siivousrobotti-kemaro-k900-videokirjasto\/#breadcrumb"},"inLanguage":"fi","potentialAction":[{"@type":"ReadAction","target":["https:\/\/kemaro.ee\/fi\/autonominen-siivousrobotti-kemaro-k900-videokirjasto\/"]}]},{"@type":"BreadcrumbList","@id":"https:\/\/kemaro.ee\/fi\/autonominen-siivousrobotti-kemaro-k900-videokirjasto\/#breadcrumb","itemListElement":[{"@type":"ListItem","position":1,"name":"Kotisivu","item":"https:\/\/kemaro.ee\/fi\/"},{"@type":"ListItem","position":2,"name":"Autonominen siivousrobotti Kemaro K900 \u2013 videokirjasto"}]},{"@type":"WebSite","@id":"https:\/\/kemaro.ee\/fi\/#website","url":"https:\/\/kemaro.ee\/fi\/","name":"Kemaro puhastusrobotid","description":"Kemaro puhastusrobotid pakuvad innovaatilisi lahendusi mitmesuguste pindade ja vajaduste jaoks.","alternateName":"Autonoomne koristusrobot t\u00f6\u00f6stusele","potentialAction":[{"@type":"SearchAction","target":{"@type":"EntryPoint","urlTemplate":"https:\/\/kemaro.ee\/fi\/?s={search_term_string}"},"query-input":{"@type":"PropertyValueSpecification","valueRequired":true,"valueName":"search_term_string"}}],"inLanguage":"fi"}]}},"_links":{"self":[{"href":"https:\/\/kemaro.ee\/fi\/wp-json\/wp\/v2\/pages\/1240","targetHints":{"allow":["GET"]}}],"collection":[{"href":"https:\/\/kemaro.ee\/fi\/wp-json\/wp\/v2\/pages"}],"about":[{"href":"https:\/\/kemaro.ee\/fi\/wp-json\/wp\/v2\/types\/page"}],"author":[{"embeddable":true,"href":"https:\/\/kemaro.ee\/fi\/wp-json\/wp\/v2\/users\/2"}],"replies":[{"embeddable":true,"href":"https:\/\/kemaro.ee\/fi\/wp-json\/wp\/v2\/comments?post=1240"}],"version-history":[{"count":25,"href":"https:\/\/kemaro.ee\/fi\/wp-json\/wp\/v2\/pages\/1240\/revisions"}],"predecessor-version":[{"id":1279,"href":"https:\/\/kemaro.ee\/fi\/wp-json\/wp\/v2\/pages\/1240\/revisions\/1279"}],"wp:attachment":[{"href":"https:\/\/kemaro.ee\/fi\/wp-json\/wp\/v2\/media?parent=1240"}],"curies":[{"name":"wp","href":"https:\/\/api.w.org\/{rel}","templated":true}]}}